{"id":3963,"date":"2024-03-12T14:34:38","date_gmt":"2024-03-12T13:34:38","guid":{"rendered":"http:\/\/test2.lbioline.com\/product\/3c-vitamin-glow-kit\/"},"modified":"2025-02-18T17:46:39","modified_gmt":"2025-02-18T16:46:39","slug":"3c-vitamin-glow-kit","status":"publish","type":"product","link":"http:\/\/test2.lbioline.com\/es\/product\/3c-vitamin-glow-kit\/","title":{"rendered":"3C Vitamin Glow Kit"},"content":{"rendered":"[vc_row type=\u00bbin_container\u00bb full_screen_row_position=\u00bbmiddle\u00bb column_margin=\u00bbdefault\u00bb column_direction=\u00bbdefault\u00bb column_direction_tablet=\u00bbdefault\u00bb column_direction_phone=\u00bbdefault\u00bb scene_position=\u00bbcenter\u00bb text_color=\u00bbdark\u00bb text_align=\u00bbleft\u00bb row_border_radius=\u00bbnone\u00bb row_border_radius_applies=\u00bbbg\u00bb overflow=\u00bbvisible\u00bb overlay_strength=\u00bb0.3&#8243; gradient_direction=\u00bbleft_to_right\u00bb shape_divider_position=\u00bbbottom\u00bb bg_image_animation=\u00bbnone\u00bb gradient_type=\u00bbdefault\u00bb shape_type=\u00bb\u00bb][vc_column column_padding=\u00bbno-extra-padding\u00bb column_padding_tablet=\u00bbinherit\u00bb column_padding_phone=\u00bbinherit\u00bb column_padding_position=\u00bball\u00bb column_element_direction_desktop=\u00bbdefault\u00bb column_element_spacing=\u00bbdefault\u00bb desktop_text_alignment=\u00bbcenter\u00bb tablet_text_alignment=\u00bbdefault\u00bb phone_text_alignment=\u00bbdefault\u00bb background_color_opacity=\u00bb1&#8243; background_hover_color_opacity=\u00bb1&#8243; column_backdrop_filter=\u00bbnone\u00bb column_shadow=\u00bbnone\u00bb column_border_radius=\u00bbnone\u00bb column_link_target=\u00bb_self\u00bb column_position=\u00bbdefault\u00bb gradient_direction=\u00bbleft_to_right\u00bb overlay_strength=\u00bb0.3&#8243; width=\u00bb1\/1&#8243; tablet_width_inherit=\u00bbdefault\u00bb animation_type=\u00bbdefault\u00bb bg_image_animation=\u00bbnone\u00bb border_type=\u00bbsimple\u00bb column_border_width=\u00bbnone\u00bb column_border_style=\u00bbsolid\u00bb column_padding_type=\u00bbdefault\u00bb gradient_type=\u00bbdefault\u00bb][tabbed_section style=\u00bbmaterial\u00bb tab_change_animation=\u00bbfade\u00bb alignment=\u00bbcenter\u00bb spacing=\u00bbside-20px\u00bb tab_color=\u00bbAccent-Color\u00bb vs_content_animation=\u00bbfade\u00bb vs_link_animation=\u00bbopacity\u00bb vs_navigation_alignment=\u00bbleft\u00bb vs_navigation_width_2=\u00bb25%\u00bb vs_navigation_func=\u00bbdefault\u00bb vs_navigation_width=\u00bbregular\u00bb vs_navigation_spacing=\u00bb15px\u00bb vs_navigation_mobile_display=\u00bbvisible\u00bb vs_tab_spacing=\u00bb5%\u00bb icon_size=\u00bb24&#8243; el_class=\u00bbtabs-bene-ingre-recyc\u00bb][tab icon_family=\u00bbnone\u00bb title=\u00bbADECUADO PARA\u00bb id=\u00bb1739539804260-3&#8243; tab_id=\u00bb1739539804260-3&#8243;][vc_column_text css=\u00bb\u00bb text_direction=\u00bbdefault\u00bb]\n<ul>\n<li>Piel apagada y cansada.<\/li>\n<li>Hiperpigmentaci\u00f3n y piel da\u00f1ada por el sol.<\/li>\n<li>Ocasiones especiales en las que una piel radiante es imprescindible.<\/li>\n<\/ul>\n[\/vc_column_text][\/tab][tab icon_family=\u00bbnone\u00bb title=\u00bbRECICLAJE\u00bb id=\u00bb1739539804287-3&#8243; tab_id=\u00bb1739539804287-3&#8243;][vc_column_text text_direction=\u00bbdefault\u00bb el_class=\u00bbtitle-recycle\u00bb]\n<table class=\"table-recycle\">\n<tbody>\n<tr>\n<td class=\"title-recycle\" colspan=\"5\">TI<\/td>\n<\/tr>\n<tr>\n<td>SCATOLA<\/td>\n<td>PAP21<\/td>\n<td>CARTA<\/td>\n<td>PAP21<\/td>\n<td>CARTA<\/td>\n<\/tr>\n<tr>\n<td>CONTENITORE<\/td>\n<td>ALU41 &#8211; C\/PET90<\/td>\n<td>INDIFERENZIATTO<\/td>\n<td>GL70<\/td>\n<td>VETRO<\/td>\n<\/tr>\n<tr>\n<td>ETICHETTA<\/td>\n<td>PET1<\/td>\n<td>PLASTICA<\/td>\n<td>PET1<\/td>\n<td>PLASTICA<\/td>\n<\/tr>\n<tr>\n<td colspan=\"5\">RACOLTA DIFFERENZIATA verifica le disposizioni del tuo Comune<\/td>\n<\/tr>\n<\/tbody>\n<\/table>\n[\/vc_column_text][\/tab][\/tabbed_section][\/vc_column][\/vc_row]\n","protected":false},"excerpt":{"rendered":"<p>Tratamiento cosmec\u00e9utico de vitamina C con \u00e1cido Asc\u00f3rbico que se mezclan en el momento para obtener potentes antioxidantes y proporcionar un tratamiento facial iluminador adecuado para todo tipo de piel. Incluye una mascarilla de burbujas energizante que recupera al instante una tez sana y vibrante. <\/p>\n<hr>\n<p>4 Tratamientos<\/p>\n<hr>\n","protected":false},"featured_media":3587,"template":"","meta":{"_acf_changed":false},"product_brand":[],"product_cat":[100,126],"product_tag":[],"class_list":{"0":"post-3963","1":"product","2":"type-product","3":"status-publish","4":"has-post-thumbnail","6":"product_cat-profesional","7":"product_cat-vitamin-glow-profesional-es","9":"first","10":"instock","11":"shipping-taxable","12":"product-type-simple"},"acf":[],"_links":{"self":[{"href":"http:\/\/test2.lbioline.com\/es\/wp-json\/wp\/v2\/product\/3963","targetHints":{"allow":["GET"]}}],"collection":[{"href":"http:\/\/test2.lbioline.com\/es\/wp-json\/wp\/v2\/product"}],"about":[{"href":"http:\/\/test2.lbioline.com\/es\/wp-json\/wp\/v2\/types\/product"}],"wp:featuredmedia":[{"embeddable":true,"href":"http:\/\/test2.lbioline.com\/es\/wp-json\/wp\/v2\/media\/3587"}],"wp:attachment":[{"href":"http:\/\/test2.lbioline.com\/es\/wp-json\/wp\/v2\/media?parent=3963"}],"wp:term":[{"taxonomy":"product_brand","embeddable":true,"href":"http:\/\/test2.lbioline.com\/es\/wp-json\/wp\/v2\/product_brand?post=3963"},{"taxonomy":"product_cat","embeddable":true,"href":"http:\/\/test2.lbioline.com\/es\/wp-json\/wp\/v2\/product_cat?post=3963"},{"taxonomy":"product_tag","embeddable":true,"href":"http:\/\/test2.lbioline.com\/es\/wp-json\/wp\/v2\/product_tag?post=3963"}],"curies":[{"name":"wp","href":"https:\/\/api.w.org\/{rel}","templated":true}]}}