{"id":4010,"date":"2024-03-07T14:13:50","date_gmt":"2024-03-07T13:13:50","guid":{"rendered":"http:\/\/test2.lbioline.com\/product\/aqua-vital-mousse-radiance\/"},"modified":"2025-03-07T11:47:49","modified_gmt":"2025-03-07T10:47:49","slug":"aqua-vital-mousse-radiance","status":"publish","type":"product","link":"http:\/\/test2.lbioline.com\/es\/product\/aqua-vital-mousse-radiance\/","title":{"rendered":"Aqua Vital Mousse Radiance"},"content":{"rendered":"[vc_row type=\u00bbin_container\u00bb full_screen_row_position=\u00bbmiddle\u00bb column_margin=\u00bbdefault\u00bb column_direction=\u00bbdefault\u00bb column_direction_tablet=\u00bbdefault\u00bb column_direction_phone=\u00bbdefault\u00bb scene_position=\u00bbcenter\u00bb text_color=\u00bbdark\u00bb text_align=\u00bbleft\u00bb row_border_radius=\u00bbnone\u00bb row_border_radius_applies=\u00bbbg\u00bb overflow=\u00bbvisible\u00bb overlay_strength=\u00bb0.3&#8243; gradient_direction=\u00bbleft_to_right\u00bb shape_divider_position=\u00bbbottom\u00bb bg_image_animation=\u00bbnone\u00bb gradient_type=\u00bbdefault\u00bb shape_type=\u00bb\u00bb][vc_column column_padding=\u00bbno-extra-padding\u00bb column_padding_tablet=\u00bbinherit\u00bb column_padding_phone=\u00bbinherit\u00bb column_padding_position=\u00bball\u00bb column_element_direction_desktop=\u00bbdefault\u00bb column_element_spacing=\u00bbdefault\u00bb desktop_text_alignment=\u00bbcenter\u00bb tablet_text_alignment=\u00bbdefault\u00bb phone_text_alignment=\u00bbdefault\u00bb background_color_opacity=\u00bb1&#8243; background_hover_color_opacity=\u00bb1&#8243; column_backdrop_filter=\u00bbnone\u00bb column_shadow=\u00bbnone\u00bb column_border_radius=\u00bbnone\u00bb column_link_target=\u00bb_self\u00bb column_position=\u00bbdefault\u00bb gradient_direction=\u00bbleft_to_right\u00bb overlay_strength=\u00bb0.3&#8243; width=\u00bb1\/1&#8243; tablet_width_inherit=\u00bbdefault\u00bb animation_type=\u00bbdefault\u00bb bg_image_animation=\u00bbnone\u00bb border_type=\u00bbsimple\u00bb column_border_width=\u00bbnone\u00bb column_border_style=\u00bbsolid\u00bb column_padding_type=\u00bbdefault\u00bb gradient_type=\u00bbdefault\u00bb][tabbed_section style=\u00bbmaterial\u00bb tab_change_animation=\u00bbfade\u00bb alignment=\u00bbcenter\u00bb spacing=\u00bbside-20px\u00bb tab_color=\u00bbAccent-Color\u00bb vs_content_animation=\u00bbfade\u00bb vs_link_animation=\u00bbopacity\u00bb vs_navigation_alignment=\u00bbleft\u00bb vs_navigation_width_2=\u00bb25%\u00bb vs_navigation_func=\u00bbdefault\u00bb vs_navigation_width=\u00bbregular\u00bb vs_navigation_spacing=\u00bb15px\u00bb vs_navigation_mobile_display=\u00bbvisible\u00bb vs_tab_spacing=\u00bb5%\u00bb icon_size=\u00bb24&#8243; el_class=\u00bbtabs-bene-ingre-recyc\u00bb][tab icon_family=\u00bbnone\u00bb title=\u00bbBENEFICIOS\u00bb id=\u00bb1713263772547-5&#8243; tab_id=\u00bb1713263772548-0&#8243;][vc_column_text text_direction=\u00bbdefault\u00bb]\n<ul>\n<li>Adecuado para todo tipo de piel.<\/li>\n<li>Textura suave y esponjosa.<\/li>\n<li>Deja la piel suave y flexible.<\/li>\n<\/ul>\n[\/vc_column_text][\/tab][tab icon_family=\u00bbnone\u00bb title=\u00bbINGREDIENTES CLAVES\u00bb id=\u00bb1713263772572-8&#8243; tab_id=\u00bb1713263772573-8&#8243;][vc_column_text text_direction=\u00bbdefault\u00bb]Amino\u00e1cidos de Zumo de Manzana: Limpian suavemente y equilibran la piel. \u00c1cido Hialur\u00f3nico: Hidratante, crea una barrera protectora contra los agentes externos. Beta\u00edna y Aceite de Coco: Tensioactivos limpiadores suavizantes.[\/vc_column_text][\/tab][\/tabbed_section][\/vc_column][\/vc_row]\n","protected":false},"excerpt":{"rendered":"<p>Una suave y delicada espuma limpiadora con amino\u00e1cidos de Manzana y \u00e1cido Hialur\u00f3nico que elimina el maquillaje y las impurezas para conseguir una piel s\u00faper limpia y radiante. No decapa la piel y puede utilizarse en todo tipo de pieles, incluido el contorno de ojos.<\/p>\n<hr \/>\n<p>Bote: 190 ml<\/p>\n<hr \/>\n","protected":false},"featured_media":3525,"template":"","meta":{"_acf_changed":false},"product_brand":[],"product_cat":[107,106,139,104,102],"product_tag":[],"class_list":{"0":"post-4010","1":"product","2":"type-product","3":"status-publish","4":"has-post-thumbnail","6":"product_cat-aqua-vital-es","7":"product_cat-contorno-de-ojos","8":"product_cat-cuidado-en-casa","9":"product_cat-limpiadores","10":"product_cat-mas-vendidos","12":"first","13":"instock","14":"shipping-taxable","15":"product-type-simple"},"acf":[],"_links":{"self":[{"href":"http:\/\/test2.lbioline.com\/es\/wp-json\/wp\/v2\/product\/4010","targetHints":{"allow":["GET"]}}],"collection":[{"href":"http:\/\/test2.lbioline.com\/es\/wp-json\/wp\/v2\/product"}],"about":[{"href":"http:\/\/test2.lbioline.com\/es\/wp-json\/wp\/v2\/types\/product"}],"wp:featuredmedia":[{"embeddable":true,"href":"http:\/\/test2.lbioline.com\/es\/wp-json\/wp\/v2\/media\/3525"}],"wp:attachment":[{"href":"http:\/\/test2.lbioline.com\/es\/wp-json\/wp\/v2\/media?parent=4010"}],"wp:term":[{"taxonomy":"product_brand","embeddable":true,"href":"http:\/\/test2.lbioline.com\/es\/wp-json\/wp\/v2\/product_brand?post=4010"},{"taxonomy":"product_cat","embeddable":true,"href":"http:\/\/test2.lbioline.com\/es\/wp-json\/wp\/v2\/product_cat?post=4010"},{"taxonomy":"product_tag","embeddable":true,"href":"http:\/\/test2.lbioline.com\/es\/wp-json\/wp\/v2\/product_tag?post=4010"}],"curies":[{"name":"wp","href":"https:\/\/api.w.org\/{rel}","templated":true}]}}