{"id":4105,"date":"2024-03-14T12:23:47","date_gmt":"2024-03-14T11:23:47","guid":{"rendered":"http:\/\/test2.lbioline.com\/product\/cryoslim\/"},"modified":"2025-02-26T10:31:24","modified_gmt":"2025-02-26T09:31:24","slug":"cryoslim","status":"publish","type":"product","link":"http:\/\/test2.lbioline.com\/es\/product\/cryoslim\/","title":{"rendered":"Cryoslim"},"content":{"rendered":"[vc_row type=\u00bbin_container\u00bb full_screen_row_position=\u00bbmiddle\u00bb column_margin=\u00bbdefault\u00bb column_direction=\u00bbdefault\u00bb column_direction_tablet=\u00bbdefault\u00bb column_direction_phone=\u00bbdefault\u00bb scene_position=\u00bbcenter\u00bb text_color=\u00bbdark\u00bb text_align=\u00bbleft\u00bb row_border_radius=\u00bbnone\u00bb row_border_radius_applies=\u00bbbg\u00bb overflow=\u00bbvisible\u00bb overlay_strength=\u00bb0.3&#8243; gradient_direction=\u00bbleft_to_right\u00bb shape_divider_position=\u00bbbottom\u00bb bg_image_animation=\u00bbnone\u00bb gradient_type=\u00bbdefault\u00bb shape_type=\u00bb\u00bb][vc_column column_padding=\u00bbno-extra-padding\u00bb column_padding_tablet=\u00bbinherit\u00bb column_padding_phone=\u00bbinherit\u00bb column_padding_position=\u00bball\u00bb column_element_direction_desktop=\u00bbdefault\u00bb column_element_spacing=\u00bbdefault\u00bb desktop_text_alignment=\u00bbcenter\u00bb tablet_text_alignment=\u00bbdefault\u00bb phone_text_alignment=\u00bbdefault\u00bb background_color_opacity=\u00bb1&#8243; background_hover_color_opacity=\u00bb1&#8243; column_backdrop_filter=\u00bbnone\u00bb column_shadow=\u00bbnone\u00bb column_border_radius=\u00bbnone\u00bb column_link_target=\u00bb_self\u00bb column_position=\u00bbdefault\u00bb gradient_direction=\u00bbleft_to_right\u00bb overlay_strength=\u00bb0.3&#8243; width=\u00bb1\/1&#8243; tablet_width_inherit=\u00bbdefault\u00bb animation_type=\u00bbdefault\u00bb bg_image_animation=\u00bbnone\u00bb border_type=\u00bbsimple\u00bb column_border_width=\u00bbnone\u00bb column_border_style=\u00bbsolid\u00bb column_padding_type=\u00bbdefault\u00bb gradient_type=\u00bbdefault\u00bb][tabbed_section style=\u00bbmaterial\u00bb tab_change_animation=\u00bbfade\u00bb alignment=\u00bbcenter\u00bb spacing=\u00bbside-20px\u00bb tab_color=\u00bbAccent-Color\u00bb vs_content_animation=\u00bbfade\u00bb vs_link_animation=\u00bbopacity\u00bb vs_navigation_alignment=\u00bbleft\u00bb vs_navigation_width_2=\u00bb25%\u00bb vs_navigation_func=\u00bbdefault\u00bb vs_navigation_width=\u00bbregular\u00bb vs_navigation_spacing=\u00bb15px\u00bb vs_navigation_mobile_display=\u00bbvisible\u00bb vs_tab_spacing=\u00bb5%\u00bb icon_size=\u00bb24&#8243; el_class=\u00bbtabs-bene-ingre-recyc\u00bb][tab icon_family=\u00bbnone\u00bb title=\u00bbBENEFICIOS\u00bb id=\u00bb1712823687306-5&#8243; tab_id=\u00bb1712823687307-10&#8243;][vc_column_text text_direction=\u00bbdefault\u00bb]\n<ul>\n<li>Reafirma profundamente los tejidos.<\/li>\n<li>Reactiva la circulaci\u00f3n sangu\u00ednea y elimina la inflamaci\u00f3n.<\/li>\n<li>Elimina la grasa por la reacci\u00f3n causa-efecto de la disminuci\u00f3n de la temperatura.<\/li>\n<li>Mejora el aspecto y la textura de la piel.<\/li>\n<\/ul>\n[\/vc_column_text][\/tab][tab icon_family=\u00bbnone\u00bb title=\u00bbINGREDIENTES\u00bb id=\u00bb1712823687356-6&#8243; tab_id=\u00bb1712823687357-4&#8243;][vc_column_text text_direction=\u00bbdefault\u00bb]\n<ul>\n<li><strong>Mentol:<\/strong> Los tejidos reaccionan al fr\u00edo quemando grasa para compensar el descenso de temperatura. Tambi\u00e9n estimula la circulaci\u00f3n sangu\u00ednea y facilita el drenaje de desechos a trav\u00e9s del sistema linf\u00e1tico. <\/li>\n<li><strong>Alcanfor:<\/strong> Aceite extra\u00eddo del \u00e1rbol Cinnamomum Camphora, generador de fr\u00edo.<\/li>\n<\/ul>\n[\/vc_column_text][\/tab][\/tabbed_section][\/vc_column][\/vc_row]\n","protected":false},"excerpt":{"rendered":"<p>Concentrado l\u00edquido a base de Mentol con efecto criog\u00e9nico controlado que garantiza una eficacia \u00f3ptima en los tratamientos adelgazantes y de piernas cansadas.<\/p>\n<hr>\n<p>Bote : 500 ml<\/p>\n<hr>\n","protected":false},"featured_media":3619,"template":"","meta":{"_acf_changed":false},"product_brand":[],"product_cat":[132,130],"product_tag":[],"class_list":{"0":"post-4105","1":"product","2":"type-product","3":"status-publish","4":"has-post-thumbnail","6":"product_cat-cosmeticos-profesionales","7":"product_cat-silhouette-profesional-es","9":"first","10":"instock","11":"shipping-taxable","12":"product-type-simple"},"acf":[],"_links":{"self":[{"href":"http:\/\/test2.lbioline.com\/es\/wp-json\/wp\/v2\/product\/4105","targetHints":{"allow":["GET"]}}],"collection":[{"href":"http:\/\/test2.lbioline.com\/es\/wp-json\/wp\/v2\/product"}],"about":[{"href":"http:\/\/test2.lbioline.com\/es\/wp-json\/wp\/v2\/types\/product"}],"wp:featuredmedia":[{"embeddable":true,"href":"http:\/\/test2.lbioline.com\/es\/wp-json\/wp\/v2\/media\/3619"}],"wp:attachment":[{"href":"http:\/\/test2.lbioline.com\/es\/wp-json\/wp\/v2\/media?parent=4105"}],"wp:term":[{"taxonomy":"product_brand","embeddable":true,"href":"http:\/\/test2.lbioline.com\/es\/wp-json\/wp\/v2\/product_brand?post=4105"},{"taxonomy":"product_cat","embeddable":true,"href":"http:\/\/test2.lbioline.com\/es\/wp-json\/wp\/v2\/product_cat?post=4105"},{"taxonomy":"product_tag","embeddable":true,"href":"http:\/\/test2.lbioline.com\/es\/wp-json\/wp\/v2\/product_tag?post=4105"}],"curies":[{"name":"wp","href":"https:\/\/api.w.org\/{rel}","templated":true}]}}