{"id":3867,"date":"2024-03-05T12:08:23","date_gmt":"2024-03-05T11:08:23","guid":{"rendered":"http:\/\/test2.lbioline.com\/nuestra-historia\/"},"modified":"2025-08-05T13:17:04","modified_gmt":"2025-08-05T11:17:04","slug":"nuestra-historia","status":"publish","type":"page","link":"https:\/\/test2.lbioline.com\/es\/nuestra-historia\/","title":{"rendered":"Nuestra historia"},"content":{"rendered":"[vc_row type=\u00bbfull_width_background\u00bb full_screen_row_position=\u00bbmiddle\u00bb column_margin=\u00bbdefault\u00bb column_direction=\u00bbdefault\u00bb column_direction_tablet=\u00bbdefault\u00bb column_direction_phone=\u00bbdefault\u00bb bg_color=\u00bb#ffffff\u00bb bg_image=\u00bb761&#8243; bg_image_phone=\u00bb3432&#8243; bg_position=\u00bbcenter top\u00bb background_image_loading=\u00bbdefault\u00bb bg_repeat=\u00bbno-repeat\u00bb scene_position=\u00bbcenter\u00bb top_padding=\u00bb13%\u00bb constrain_group_1=\u00bbyes\u00bb bottom_padding=\u00bb13%\u00bb top_padding_tablet=\u00bb20%\u00bb constrain_group_3=\u00bbyes\u00bb bottom_padding_tablet=\u00bb20%\u00bb top_padding_phone=\u00bb30%\u00bb constrain_group_5=\u00bbyes\u00bb bottom_padding_phone=\u00bb30%\u00bb text_color=\u00bblight\u00bb text_align=\u00bbcenter\u00bb row_border_radius=\u00bbnone\u00bb row_border_radius_applies=\u00bbbg\u00bb overflow=\u00bbvisible\u00bb enable_gradient=\u00bbtrue\u00bb color_overlay=\u00bb#0a0000&#8243; color_overlay_2=\u00bbrgba(10,10,10,0.5)\u00bb overlay_strength=\u00bb0.5&#8243; gradient_direction=\u00bbleft_to_right\u00bb shape_divider_color=\u00bb#ffffff\u00bb shape_divider_position=\u00bbbottom\u00bb shape_divider_height=\u00bb350&#8243; bg_image_animation=\u00bbnone\u00bb parallax_bg=\u00bbtrue\u00bb parallax_bg_speed=\u00bbfast\u00bb shape_type=\u00bbwaves_opacity_alt\u00bb gradient_type=\u00bbdefault\u00bb][vc_column column_padding=\u00bbno-extra-padding\u00bb column_padding_tablet=\u00bbinherit\u00bb column_padding_phone=\u00bbinherit\u00bb column_padding_position=\u00bball\u00bb column_element_direction_desktop=\u00bbdefault\u00bb column_element_spacing=\u00bbdefault\u00bb desktop_text_alignment=\u00bbdefault\u00bb tablet_text_alignment=\u00bbdefault\u00bb phone_text_alignment=\u00bbdefault\u00bb background_color_opacity=\u00bb1&#8243; background_hover_color_opacity=\u00bb1&#8243; column_backdrop_filter=\u00bbnone\u00bb column_shadow=\u00bbnone\u00bb column_border_radius=\u00bbnone\u00bb column_link_target=\u00bb_self\u00bb column_position=\u00bbdefault\u00bb gradient_direction=\u00bbleft_to_right\u00bb overlay_strength=\u00bb0.3&#8243; width=\u00bb1\/1&#8243; tablet_width_inherit=\u00bbdefault\u00bb animation_type=\u00bbdefault\u00bb bg_image_animation=\u00bbnone\u00bb border_type=\u00bbsimple\u00bb column_border_width=\u00bbnone\u00bb column_border_style=\u00bbsolid\u00bb][\/vc_column][\/vc_row][vc_row type=\u00bbfull_width_content\u00bb full_screen_row_position=\u00bbmiddle\u00bb column_margin=\u00bbdefault\u00bb column_direction=\u00bbdefault\u00bb column_direction_tablet=\u00bbdefault\u00bb column_direction_phone=\u00bbdefault\u00bb bg_color=\u00bbrgba(178,178,178,0.22)\u00bb scene_position=\u00bbcenter\u00bb top_padding=\u00bb4%\u00bb constrain_group_1=\u00bbyes\u00bb bottom_padding=\u00bb4%\u00bb left_padding_desktop=\u00bb16%\u00bb constrain_group_2=\u00bbyes\u00bb right_padding_desktop=\u00bb16%\u00bb top_padding_tablet=\u00bb2%\u00bb constrain_group_3=\u00bbyes\u00bb bottom_padding_tablet=\u00bb2%\u00bb left_padding_tablet=\u00bb6%\u00bb constrain_group_4=\u00bbyes\u00bb right_padding_tablet=\u00bb6%\u00bb constrain_group_5=\u00bbyes\u00bb left_padding_phone=\u00bb3%\u00bb constrain_group_6=\u00bbyes\u00bb right_padding_phone=\u00bb3%\u00bb text_color=\u00bbdark\u00bb text_align=\u00bbleft\u00bb row_border_radius=\u00bbnone\u00bb row_border_radius_applies=\u00bbbg\u00bb overflow=\u00bbvisible\u00bb overlay_strength=\u00bb0.3&#8243; gradient_direction=\u00bbleft_to_right\u00bb shape_divider_position=\u00bbbottom\u00bb bg_image_animation=\u00bbnone\u00bb gradient_type=\u00bbdefault\u00bb shape_type=\u00bb\u00bb][vc_column column_padding=\u00bbno-extra-padding\u00bb column_padding_tablet=\u00bbinherit\u00bb column_padding_phone=\u00bbinherit\u00bb column_padding_position=\u00bball\u00bb column_element_direction_desktop=\u00bbdefault\u00bb column_element_spacing=\u00bbdefault\u00bb desktop_text_alignment=\u00bbcenter\u00bb tablet_text_alignment=\u00bbdefault\u00bb phone_text_alignment=\u00bbdefault\u00bb background_color_opacity=\u00bb1&#8243; background_hover_color_opacity=\u00bb1&#8243; column_backdrop_filter=\u00bbnone\u00bb column_shadow=\u00bbnone\u00bb column_border_radius=\u00bbnone\u00bb column_link_target=\u00bb_self\u00bb column_position=\u00bbdefault\u00bb gradient_direction=\u00bbleft_to_right\u00bb overlay_strength=\u00bb0.3&#8243; width=\u00bb1\/1&#8243; tablet_width_inherit=\u00bbdefault\u00bb animation_type=\u00bbdefault\u00bb bg_image_animation=\u00bbnone\u00bb border_type=\u00bbsimple\u00bb column_border_width=\u00bbnone\u00bb column_border_style=\u00bbsolid\u00bb column_padding_type=\u00bbdefault\u00bb gradient_type=\u00bbdefault\u00bb][split_line_heading animation_type=\u00bbdefault\u00bb text_direction=\u00bbdefault\u00bb]\n<h2>CONSAGRADOS A LA BELLEZA GLOBAL<\/h2>\n<p>Nuestros cosmec\u00e9uticos de alto rendimiento para el cuidado de la piel est\u00e1n fabricados por nuestra empresa matriz, GRUPO DRVPHYTOLAB S.L., una compa\u00f1\u00eda dedicada al sector de la belleza profesional desde hace m\u00e1s de 50 a\u00f1os. El compromiso de DRV con la belleza y el bienestar se extiende a otras marcas l\u00edderes: DEPIL\u00c8VE, la marca de depilaci\u00f3n n\u00famero 1 en el mundo; CRISNAIL, especialista en el cuidado de manos y u\u00f1as; y RAMASON, con equipos de belleza de alta tecnolog\u00eda y depilaci\u00f3n L\u00e1ser y LED.[\/split_line_heading][split_line_heading animation_type=\u00bbdefault\u00bb text_direction=\u00bbdefault\u00bb]\n<h2>DRV EN EL MUNDO<\/h2>\n<p>Nuestras oficinas centrales, almacenes e instalaciones de fabricaci\u00f3n se encuentran en Madrid, Espa\u00f1a, desde donde <b>exportamos nuestros productos a m\u00e1s de 110 pa\u00edses<\/b>.<\/p>\n<p>Tambi\u00e9n tenemos oficinas en Miami, Hong Kong y Chile. La marca DRV es s\u00edmbolo de nuestro compromiso con la calidad, la fiabilidad, la asistencia t\u00e9cnica y el<br \/>\nservicio posventa.[\/split_line_heading][\/vc_column][\/vc_row][vc_row type=\u00bbfull_width_content\u00bb full_screen_row_position=\u00bbmiddle\u00bb column_margin=\u00bbdefault\u00bb column_direction=\u00bbdefault\u00bb column_direction_tablet=\u00bbdefault\u00bb column_direction_phone=\u00bbdefault\u00bb bg_color=\u00bbrgba(178,178,178,0.22)\u00bb scene_position=\u00bbcenter\u00bb text_color=\u00bbdark\u00bb text_align=\u00bbleft\u00bb row_border_radius=\u00bbnone\u00bb row_border_radius_applies=\u00bbbg\u00bb overflow=\u00bbvisible\u00bb overlay_strength=\u00bb0.3&#8243; gradient_direction=\u00bbleft_to_right\u00bb shape_divider_position=\u00bbbottom\u00bb bg_image_animation=\u00bbnone\u00bb gradient_type=\u00bbdefault\u00bb shape_type=\u00bb\u00bb][vc_column column_padding=\u00bbno-extra-padding\u00bb column_padding_tablet=\u00bbinherit\u00bb column_padding_phone=\u00bbinherit\u00bb column_padding_position=\u00bball\u00bb column_element_direction_desktop=\u00bbdefault\u00bb column_element_spacing=\u00bbdefault\u00bb desktop_text_alignment=\u00bbdefault\u00bb tablet_text_alignment=\u00bbdefault\u00bb phone_text_alignment=\u00bbdefault\u00bb background_color_opacity=\u00bb1&#8243; background_hover_color_opacity=\u00bb1&#8243; column_backdrop_filter=\u00bbnone\u00bb column_shadow=\u00bbnone\u00bb column_border_radius=\u00bbnone\u00bb column_link_target=\u00bb_self\u00bb column_position=\u00bbdefault\u00bb gradient_direction=\u00bbleft_to_right\u00bb overlay_strength=\u00bb0.3&#8243; width=\u00bb1\/1&#8243; tablet_width_inherit=\u00bbdefault\u00bb animation_type=\u00bbdefault\u00bb bg_image_animation=\u00bbnone\u00bb border_type=\u00bbsimple\u00bb column_border_width=\u00bbnone\u00bb column_border_style=\u00bbsolid\u00bb][nectar_gmap map_type=\u00bbleaflet\u00bb zoom=\u00bb2&#8243; marker_style=\u00bbdefault\u00bb color=\u00bbaccent-color\u00bb map_markers=\u00bb40.644496498800166|-3.773500092881374|Headquarter : DRV Phytolab<br \/>\n50.794838672440974|4.57245494168282|Distribuidor<br \/>\n34.045841058649366|9.277380639083109<br \/>\n48.948746448464966|2.5804193169330594|Distribuidor<br \/>\n51.24230876190384|10.354872087757888|Distribuidor<br \/>\n40.0084959103443|-7.92686829531387|Distribuidor<br \/>\n31.303269108199583|-7.3997186065161955|Distribuidor<br \/>\n34.20452525217586|9.756607628899175|Distribuidor<br \/>\n35.85432700769543|14.423830935629333|Distribuidor<br \/>\n35.0532252240334|33.04215360990231|Distribuidor<br \/>\n53.14803508496533|-8.337596749185028|Distribuidor<br \/>\n54.96820057267108|-2.9151020354737245|Distribuidor<br \/>\n50.83055679882209|4.575095519313455|Distribuidor<br \/>\n52.76036560102936|5.9126307950070665|Distribuidor<br \/>\n42.8949786810055|12.68947619185469|Distribuidor<br \/>\n46.812839416544136|8.017656209896533|Distribuidor<br \/>\n59.53059642062289|17.53348189656164|Distribuidor<br \/>\n62.01530654892781|26.2166498762789|Distribuidor<br \/>\n58.63474122448504|25.491069464668815|Distribuidor<br \/>\n57.03474197772608|26.02547976449323|Distribuidor<br \/>\n55.58991040158295|24.221845002585823|Distribuidor<br \/>\n53.09875336560192|27.42830681281704|Distribuidor<br \/>\n49.030074048927304|31.336182121147854|Distribuidor<br \/>\n47.5411203025241|28.46372675959161|Distribuidor<br \/>\n45.82274678061963|24.756255304559716|Distribuidor<br \/>\n42.44406113769838|25.023460451140256|Distribuidor<br \/>\n52.91726490548203|19.093324023400182|Distribuidor<br \/>\n44.11218186464929|20.83926538668871|Distribuidor<br \/>\n42.62306351972456|20.90910304064797|Distribuidor<br \/>\n41.44738060112391|21.70059645218626|Distribuidor<br \/>\n39.4457508683308|22.39897299177887|Distribuidor<br \/>\n62.352724109804555|93.7754295354813|Distribuidor<br \/>\n48.1500273717662|68.52003526882054|Distribuidor<br \/>\n41.36673720028184|74.24196053236085|Distribuidor<br \/>\n36.139286191189825|103.24620238738373|Distribuidor<br \/>\n21.69157145151058|114.45040858850622|Distribuidor<br \/>\n15.360397377277655|101.28855281657022|Distribuidor<br \/>\n3.6615863995145754|101.6447915670541|Distribuidor<br \/>\n1.3360384565824672|103.73992118583195|Distribuidor<br \/>\n-4.660303002931408|55.47091153916826|Distribuidor<br \/>\n-21.173148832249726|55.53820333129639|Distribuidor<br \/>\n-17.260899866098537|35.91272905355416|Distribuidor<br \/>\n-31.027274193731824|24.04371931108298|Distribuidor<br \/>\n-26.398779371228724|-70.68573715613638|Distribuidor<br \/>\n39.23632037968106|-102.94409850047113|Distribuidor<br \/>\n57.95371001573646|-102.23698071123236|Distribuidor\u00bb marker_image_width=\u00bb20&#8243; marker_image_height=\u00bb20&#8243; map_center_lat=\u00bb40.644496498800166&#8243; map_center_lng=\u00bb-3.773500092881374&#8243;][\/vc_column][\/vc_row][vc_row type=\u00bbfull_width_content\u00bb full_screen_row_position=\u00bbmiddle\u00bb column_margin=\u00bbdefault\u00bb column_direction=\u00bbdefault\u00bb column_direction_tablet=\u00bbdefault\u00bb column_direction_phone=\u00bbdefault\u00bb bg_color=\u00bbrgba(178,178,178,0.22)\u00bb scene_position=\u00bbcenter\u00bb top_padding=\u00bb4%\u00bb constrain_group_1=\u00bbyes\u00bb bottom_padding=\u00bb4%\u00bb left_padding_desktop=\u00bb16%\u00bb constrain_group_2=\u00bbyes\u00bb right_padding_desktop=\u00bb16%\u00bb top_padding_tablet=\u00bb2%\u00bb constrain_group_3=\u00bbyes\u00bb bottom_padding_tablet=\u00bb2%\u00bb left_padding_tablet=\u00bb6%\u00bb constrain_group_4=\u00bbyes\u00bb right_padding_tablet=\u00bb6%\u00bb left_padding_phone=\u00bb3%\u00bb constrain_group_6=\u00bbyes\u00bb right_padding_phone=\u00bb3%\u00bb text_color=\u00bbdark\u00bb text_align=\u00bbleft\u00bb row_border_radius=\u00bbnone\u00bb row_border_radius_applies=\u00bbbg\u00bb overflow=\u00bbvisible\u00bb overlay_strength=\u00bb0.3&#8243; gradient_direction=\u00bbleft_to_right\u00bb shape_divider_position=\u00bbbottom\u00bb bg_image_animation=\u00bbnone\u00bb gradient_type=\u00bbdefault\u00bb shape_type=\u00bb\u00bb][vc_column column_padding=\u00bbno-extra-padding\u00bb column_padding_tablet=\u00bbinherit\u00bb column_padding_phone=\u00bbinherit\u00bb column_padding_position=\u00bball\u00bb constrain_group_1=\u00bbyes\u00bb column_element_direction_desktop=\u00bbdefault\u00bb column_element_spacing=\u00bbdefault\u00bb desktop_text_alignment=\u00bbdefault\u00bb tablet_text_alignment=\u00bbdefault\u00bb phone_text_alignment=\u00bbdefault\u00bb background_color_opacity=\u00bb1&#8243; background_hover_color_opacity=\u00bb1&#8243; column_backdrop_filter=\u00bbnone\u00bb column_shadow=\u00bbnone\u00bb column_border_radius=\u00bbnone\u00bb column_link_target=\u00bb_self\u00bb column_position=\u00bbdefault\u00bb gradient_direction=\u00bbleft_to_right\u00bb overlay_strength=\u00bb0.3&#8243; width=\u00bb1\/1&#8243; tablet_width_inherit=\u00bbdefault\u00bb animation_type=\u00bbdefault\u00bb bg_image_animation=\u00bbnone\u00bb border_type=\u00bbsimple\u00bb column_border_width=\u00bbnone\u00bb column_border_style=\u00bbsolid\u00bb column_padding_type=\u00bbdefault\u00bb gradient_type=\u00bbdefault\u00bb][split_line_heading animation_type=\u00bbdefault\u00bb text_direction=\u00bbdefault\u00bb]\n<h2 style=\"text-align: center;\">NUESTRA PROMESA<\/h2>\n<p style=\"text-align: center;\">Amplia experiencia en la industria cosm\u00e9tica.<\/p>\n<p style=\"text-align: center;\">Laboratorio y fabricaci\u00f3n certificados con los m\u00e1s altos est\u00e1ndares internacionales de calidad.<\/p>\n<p style=\"text-align: center;\">Formaci\u00f3n y apoyo de nuestros expertos terapeutas.<\/p>\n[\/split_line_heading][\/vc_column][\/vc_row][vc_row type=\u00bbfull_width_content\u00bb full_screen_row_position=\u00bbmiddle\u00bb column_margin=\u00bbdefault\u00bb column_direction=\u00bbdefault\u00bb column_direction_tablet=\u00bbdefault\u00bb column_direction_phone=\u00bbdefault\u00bb bg_color=\u00bbrgba(178,178,178,0.22)\u00bb bg_image=\u00bb783&#8243; bg_position=\u00bbleft top\u00bb background_image_loading=\u00bbdefault\u00bb bg_repeat=\u00bbno-repeat\u00bb scene_position=\u00bbcenter\u00bb top_padding=\u00bb4%\u00bb constrain_group_1=\u00bbyes\u00bb bottom_padding=\u00bb4%\u00bb left_padding_desktop=\u00bb16%\u00bb constrain_group_2=\u00bbyes\u00bb right_padding_desktop=\u00bb16%\u00bb top_padding_tablet=\u00bb2%\u00bb constrain_group_3=\u00bbyes\u00bb bottom_padding_tablet=\u00bb2%\u00bb left_padding_tablet=\u00bb6%\u00bb constrain_group_4=\u00bbyes\u00bb right_padding_tablet=\u00bb6%\u00bb left_padding_phone=\u00bb3%\u00bb constrain_group_6=\u00bbyes\u00bb right_padding_phone=\u00bb3%\u00bb text_color=\u00bbdark\u00bb text_align=\u00bbleft\u00bb row_border_radius=\u00bbnone\u00bb row_border_radius_applies=\u00bbbg\u00bb overflow=\u00bbvisible\u00bb enable_gradient=\u00bbtrue\u00bb color_overlay=\u00bb#3f3f3f\u00bb color_overlay_2=\u00bb#282828&#8243; overlay_strength=\u00bb0.3&#8243; gradient_direction=\u00bbleft_to_right\u00bb shape_divider_position=\u00bbbottom\u00bb bg_image_animation=\u00bbnone\u00bb gradient_type=\u00bbdefault\u00bb shape_type=\u00bb\u00bb][vc_column column_padding=\u00bbno-extra-padding\u00bb column_padding_tablet=\u00bbinherit\u00bb column_padding_phone=\u00bbinherit\u00bb column_padding_position=\u00bball\u00bb column_element_direction_desktop=\u00bbdefault\u00bb column_element_spacing=\u00bbdefault\u00bb desktop_text_alignment=\u00bbcenter\u00bb tablet_text_alignment=\u00bbdefault\u00bb phone_text_alignment=\u00bbdefault\u00bb background_color_opacity=\u00bb1&#8243; background_hover_color_opacity=\u00bb1&#8243; column_backdrop_filter=\u00bbnone\u00bb column_shadow=\u00bbnone\u00bb column_border_radius=\u00bbnone\u00bb column_link_target=\u00bb_self\u00bb column_position=\u00bbdefault\u00bb gradient_direction=\u00bbleft_to_right\u00bb overlay_strength=\u00bb0.3&#8243; width=\u00bb1\/1&#8243; tablet_width_inherit=\u00bbdefault\u00bb animation_type=\u00bbdefault\u00bb bg_image_animation=\u00bbnone\u00bb border_type=\u00bbsimple\u00bb column_border_width=\u00bbnone\u00bb column_border_style=\u00bbsolid\u00bb column_padding_type=\u00bbdefault\u00bb gradient_type=\u00bbdefault\u00bb][split_line_heading animation_type=\u00bbdefault\u00bb text_direction=\u00bbdefault\u00bb]\n<h2><span style=\"color: #ffffff;\">LABORATORIO PHYTOLAB<\/span><\/h2>\n<p><span style=\"color: #ffffff;\">ANESI LAB se formula en nuestros laboratorios, certificados con las normas farmac\u00e9uticas ISO 9001 y GMP, y se fabrica en nuestras instalaciones para garantizar la m\u00e1xima calidad y excelencia en todo el proceso.<\/span><br \/>\n<span style=\"color: #ffffff;\">Nuestro equipo de I+D selecciona los principios activos por su potencia y eficacia para crear f\u00f3rmulas de lujo. Los activos biotecnol\u00f3gicos y bot\u00e1nicos cl\u00ednicamente probados se mezclan y encapsulan cuidadosamente para una acci\u00f3n de liberaci\u00f3n prolongada que proporciona los m\u00e1ximos beneficios para un resultado duradero.<\/span>[\/split_line_heading][\/vc_column][\/vc_row]\n","protected":false},"excerpt":{"rendered":"<p>[vc_row type=\u00bbfull_width_background\u00bb full_screen_row_position=\u00bbmiddle\u00bb column_margin=\u00bbdefault\u00bb column_direction=\u00bbdefault\u00bb column_direction_tablet=\u00bbdefault\u00bb column_direction_phone=\u00bbdefault\u00bb bg_color=\u00bb#ffffff\u00bb bg_image=\u00bb761&#8243; bg_image_phone=\u00bb3432&#8243; bg_position=\u00bbcenter top\u00bb background_image_loading=\u00bbdefault\u00bb bg_repeat=\u00bbno-repeat\u00bb scene_position=\u00bbcenter\u00bb top_padding=\u00bb13%\u00bb constrain_group_1=\u00bbyes\u00bb bottom_padding=\u00bb13%\u00bb top_padding_tablet=\u00bb20%\u00bb constrain_group_3=\u00bbyes\u00bb bottom_padding_tablet=\u00bb20%\u00bb top_padding_phone=\u00bb30%\u00bb constrain_group_5=\u00bbyes\u00bb bottom_padding_phone=\u00bb30%\u00bb text_color=\u00bblight\u00bb text_align=\u00bbcenter\u00bb row_border_radius=\u00bbnone\u00bb row_border_radius_applies=\u00bbbg\u00bb overflow=\u00bbvisible\u00bb enable_gradient=\u00bbtrue\u00bb&#8230;<\/p>\n","protected":false},"author":1,"featured_media":0,"parent":0,"menu_order":0,"comment_status":"closed","ping_status":"closed","template":"","meta":{"_acf_changed":false,"footnotes":""},"class_list":["post-3867","page","type-page","status-publish"],"acf":[],"_links":{"self":[{"href":"https:\/\/test2.lbioline.com\/es\/wp-json\/wp\/v2\/pages\/3867","targetHints":{"allow":["GET"]}}],"collection":[{"href":"https:\/\/test2.lbioline.com\/es\/wp-json\/wp\/v2\/pages"}],"about":[{"href":"https:\/\/test2.lbioline.com\/es\/wp-json\/wp\/v2\/types\/page"}],"author":[{"embeddable":true,"href":"https:\/\/test2.lbioline.com\/es\/wp-json\/wp\/v2\/users\/1"}],"replies":[{"embeddable":true,"href":"https:\/\/test2.lbioline.com\/es\/wp-json\/wp\/v2\/comments?post=3867"}],"version-history":[{"count":7,"href":"https:\/\/test2.lbioline.com\/es\/wp-json\/wp\/v2\/pages\/3867\/revisions"}],"predecessor-version":[{"id":4779,"href":"https:\/\/test2.lbioline.com\/es\/wp-json\/wp\/v2\/pages\/3867\/revisions\/4779"}],"wp:attachment":[{"href":"https:\/\/test2.lbioline.com\/es\/wp-json\/wp\/v2\/media?parent=3867"}],"curies":[{"name":"wp","href":"https:\/\/api.w.org\/{rel}","templated":true}]}}