{"id":3974,"date":"2024-03-12T13:05:32","date_gmt":"2024-03-12T12:05:32","guid":{"rendered":"http:\/\/test2.lbioline.com\/product\/cellular-3-regeneration-hydration-kit\/"},"modified":"2025-02-20T10:00:01","modified_gmt":"2025-02-20T09:00:01","slug":"cellular-3-regeneration-hydration-kit","status":"publish","type":"product","link":"https:\/\/test2.lbioline.com\/es\/product\/cellular-3-regeneration-hydration-kit\/","title":{"rendered":"Cellular 3 Regeneration &amp; Hydration Kit"},"content":{"rendered":"[vc_row type=\u00bbin_container\u00bb full_screen_row_position=\u00bbmiddle\u00bb column_margin=\u00bbdefault\u00bb column_direction=\u00bbdefault\u00bb column_direction_tablet=\u00bbdefault\u00bb column_direction_phone=\u00bbdefault\u00bb scene_position=\u00bbcenter\u00bb text_color=\u00bbdark\u00bb text_align=\u00bbleft\u00bb row_border_radius=\u00bbnone\u00bb row_border_radius_applies=\u00bbbg\u00bb overflow=\u00bbvisible\u00bb overlay_strength=\u00bb0.3&#8243; gradient_direction=\u00bbleft_to_right\u00bb shape_divider_position=\u00bbbottom\u00bb bg_image_animation=\u00bbnone\u00bb gradient_type=\u00bbdefault\u00bb shape_type=\u00bb\u00bb][vc_column column_padding=\u00bbno-extra-padding\u00bb column_padding_tablet=\u00bbinherit\u00bb column_padding_phone=\u00bbinherit\u00bb column_padding_position=\u00bball\u00bb column_element_direction_desktop=\u00bbdefault\u00bb column_element_spacing=\u00bbdefault\u00bb desktop_text_alignment=\u00bbcenter\u00bb tablet_text_alignment=\u00bbdefault\u00bb phone_text_alignment=\u00bbdefault\u00bb background_color_opacity=\u00bb1&#8243; background_hover_color_opacity=\u00bb1&#8243; column_backdrop_filter=\u00bbnone\u00bb column_shadow=\u00bbnone\u00bb column_border_radius=\u00bbnone\u00bb column_link_target=\u00bb_self\u00bb column_position=\u00bbdefault\u00bb gradient_direction=\u00bbleft_to_right\u00bb overlay_strength=\u00bb0.3&#8243; width=\u00bb1\/1&#8243; tablet_width_inherit=\u00bbdefault\u00bb animation_type=\u00bbdefault\u00bb bg_image_animation=\u00bbnone\u00bb border_type=\u00bbsimple\u00bb column_border_width=\u00bbnone\u00bb column_border_style=\u00bbsolid\u00bb column_padding_type=\u00bbdefault\u00bb gradient_type=\u00bbdefault\u00bb][tabbed_section style=\u00bbmaterial\u00bb tab_change_animation=\u00bbfade\u00bb alignment=\u00bbcenter\u00bb spacing=\u00bbside-20px\u00bb tab_color=\u00bbAccent-Color\u00bb vs_content_animation=\u00bbfade\u00bb vs_link_animation=\u00bbopacity\u00bb vs_navigation_alignment=\u00bbleft\u00bb vs_navigation_width_2=\u00bb25%\u00bb vs_navigation_func=\u00bbdefault\u00bb vs_navigation_width=\u00bbregular\u00bb vs_navigation_spacing=\u00bb15px\u00bb vs_navigation_mobile_display=\u00bbvisible\u00bb vs_tab_spacing=\u00bb5%\u00bb icon_size=\u00bb24&#8243; el_class=\u00bbtabs-bene-ingre-recyc\u00bb][tab icon_family=\u00bbnone\u00bb title=\u00bbADECUADO PARA\u00bb id=\u00bb1718614579241-7&#8243; tab_id=\u00bb1718614579241-1&#8243;][vc_column_text text_direction=\u00bbdefault\u00bb]\n<ul>\n<li>Los primeros signos del envejecimiento.<\/li>\n<li>Tratamiento de las l\u00edneas de expresi\u00f3n.<\/li>\n<li>Mantener la densidad de la piel.<\/li>\n<\/ul>\n[\/vc_column_text][\/tab][tab icon_family=\u00bbnone\u00bb title=\u00bbRECICLAJE\u00bb id=\u00bb1718614579263-4&#8243; tab_id=\u00bb1718614579264-1&#8243;][nectar_icon icon_family=\u00bbfontawesome\u00bb icon_style=\u00bbdefault\u00bb icon_color_type=\u00bbcolor_scheme\u00bb icon_color=\u00bbAccent-Color\u00bb icon_padding=\u00bb0px\u00bb pointer_events=\u00bball\u00bb icon_fontawesome=\u00bbfa fa-recycle\u00bb][vc_column_text css=\u00bb\u00bb text_direction=\u00bbdefault\u00bb el_class=\u00bbtitle-recycle\u00bb]\n<table class=\"table-recycle\">\n<tbody>\n<tr>\n<td class=\"title-recycle\" colspan=\"3\">TI<\/td>\n<\/tr>\n<tr>\n<td>Kit 4<\/td>\n<td>PEAP21<\/td>\n<td>CARTA<\/td>\n<\/tr>\n<tr>\n<td>Cellular 3 CONCENTRATE<\/td>\n<td>C\/PET90<\/td>\n<td>INDIFERENZIATO<\/td>\n<\/tr>\n<tr>\n<td>Cellular 3 CONCENTRATE<\/td>\n<td>C\/PET90<\/td>\n<td>INDIFERENZIATO<\/td>\n<\/tr>\n<tr>\n<td>BOOSTER 3GF SERUM<\/td>\n<td>C\/PET90<\/td>\n<td>INDIFFERENZIATO<\/td>\n<\/tr>\n<tr>\n<td>RENEWAL CREAM<\/td>\n<td>C\/PET90<\/td>\n<td>INDIFFERENZIATO<\/td>\n<\/tr>\n<tr>\n<td>MASK 8ML<\/td>\n<td>C\/PET90<\/td>\n<td>INDIFFERENZIATO<\/td>\n<\/tr>\n<tr>\n<td>PEELING<\/td>\n<td>GL70<\/td>\n<td>VETRO<\/td>\n<\/tr>\n<tr>\n<td colspan=\"3\">RACOLTA DIFFERENZIATA<br \/>\nverifica le disposizioni del tuo Comune<\/td>\n<\/tr>\n<\/tbody>\n<\/table>\n[\/vc_column_text][\/tab][\/tabbed_section][\/vc_column][\/vc_row]\n","protected":false},"excerpt":{"rendered":"<p>El tratamiento cosmec\u00e9utico de hidrataci\u00f3n y regeneraci\u00f3n combate las 3 causas principales del envejecimiento prematuro de la piel. Los p\u00e9ptidos y los factores de crecimiento favorecen la regeneraci\u00f3n celular y afinan la textura de la piel para conseguir una tez revitalizada de aspecto m\u00e1s joven. La mascarilla Hyaluronic Gel Mask, con \u00e1cido Hialur\u00f3nico de bajo peso, mejora la hidrataci\u00f3n y la flexibilidad de la piel.<\/p>\n<hr>\n<p>4 Tratamientos<\/p>\n<hr>\n","protected":false},"featured_media":3578,"template":"","meta":{"_acf_changed":false},"product_brand":[],"product_cat":[100,119],"product_tag":[],"class_list":{"0":"post-3974","1":"product","2":"type-product","3":"status-publish","4":"has-post-thumbnail","6":"product_cat-profesional","7":"product_cat-cellular-3-profesional-es","9":"first","10":"instock","11":"shipping-taxable","12":"product-type-simple"},"acf":[],"_links":{"self":[{"href":"https:\/\/test2.lbioline.com\/es\/wp-json\/wp\/v2\/product\/3974","targetHints":{"allow":["GET"]}}],"collection":[{"href":"https:\/\/test2.lbioline.com\/es\/wp-json\/wp\/v2\/product"}],"about":[{"href":"https:\/\/test2.lbioline.com\/es\/wp-json\/wp\/v2\/types\/product"}],"wp:featuredmedia":[{"embeddable":true,"href":"https:\/\/test2.lbioline.com\/es\/wp-json\/wp\/v2\/media\/3578"}],"wp:attachment":[{"href":"https:\/\/test2.lbioline.com\/es\/wp-json\/wp\/v2\/media?parent=3974"}],"wp:term":[{"taxonomy":"product_brand","embeddable":true,"href":"https:\/\/test2.lbioline.com\/es\/wp-json\/wp\/v2\/product_brand?post=3974"},{"taxonomy":"product_cat","embeddable":true,"href":"https:\/\/test2.lbioline.com\/es\/wp-json\/wp\/v2\/product_cat?post=3974"},{"taxonomy":"product_tag","embeddable":true,"href":"https:\/\/test2.lbioline.com\/es\/wp-json\/wp\/v2\/product_tag?post=3974"}],"curies":[{"name":"wp","href":"https:\/\/api.w.org\/{rel}","templated":true}]}}