{"id":3995,"date":"2024-03-14T13:54:26","date_gmt":"2024-03-14T12:54:26","guid":{"rendered":"http:\/\/test2.lbioline.com\/product\/epigenesse-replenishing-night-cream\/"},"modified":"2025-08-04T15:41:09","modified_gmt":"2025-08-04T13:41:09","slug":"epigenesse-replenishing-night-cream","status":"publish","type":"product","link":"https:\/\/test2.lbioline.com\/es\/product\/epigenesse-replenishing-night-cream\/","title":{"rendered":"Epigenesse Replenishing Night Cream"},"content":{"rendered":"[vc_row type=\u00bbin_container\u00bb full_screen_row_position=\u00bbmiddle\u00bb column_margin=\u00bbdefault\u00bb column_direction=\u00bbdefault\u00bb column_direction_tablet=\u00bbdefault\u00bb column_direction_phone=\u00bbdefault\u00bb scene_position=\u00bbcenter\u00bb text_color=\u00bbdark\u00bb text_align=\u00bbleft\u00bb row_border_radius=\u00bbnone\u00bb row_border_radius_applies=\u00bbbg\u00bb overflow=\u00bbvisible\u00bb overlay_strength=\u00bb0.3&#8243; gradient_direction=\u00bbleft_to_right\u00bb shape_divider_position=\u00bbbottom\u00bb bg_image_animation=\u00bbnone\u00bb gradient_type=\u00bbdefault\u00bb shape_type=\u00bb\u00bb][vc_column column_padding=\u00bbno-extra-padding\u00bb column_padding_tablet=\u00bbinherit\u00bb column_padding_phone=\u00bbinherit\u00bb column_padding_position=\u00bball\u00bb column_element_direction_desktop=\u00bbdefault\u00bb column_element_spacing=\u00bbdefault\u00bb desktop_text_alignment=\u00bbcenter\u00bb tablet_text_alignment=\u00bbdefault\u00bb phone_text_alignment=\u00bbdefault\u00bb background_color_opacity=\u00bb1&#8243; background_hover_color_opacity=\u00bb1&#8243; column_backdrop_filter=\u00bbnone\u00bb column_shadow=\u00bbnone\u00bb column_border_radius=\u00bbnone\u00bb column_link_target=\u00bb_self\u00bb column_position=\u00bbdefault\u00bb gradient_direction=\u00bbleft_to_right\u00bb overlay_strength=\u00bb0.3&#8243; width=\u00bb1\/1&#8243; tablet_width_inherit=\u00bbdefault\u00bb animation_type=\u00bbdefault\u00bb bg_image_animation=\u00bbnone\u00bb border_type=\u00bbsimple\u00bb column_border_width=\u00bbnone\u00bb column_border_style=\u00bbsolid\u00bb column_padding_type=\u00bbdefault\u00bb gradient_type=\u00bbdefault\u00bb][tabbed_section style=\u00bbmaterial\u00bb tab_change_animation=\u00bbfade\u00bb alignment=\u00bbcenter\u00bb spacing=\u00bbside-20px\u00bb tab_color=\u00bbAccent-Color\u00bb vs_content_animation=\u00bbfade\u00bb vs_link_animation=\u00bbopacity\u00bb vs_navigation_alignment=\u00bbleft\u00bb vs_navigation_width_2=\u00bb25%\u00bb vs_navigation_func=\u00bbdefault\u00bb vs_navigation_width=\u00bbregular\u00bb vs_navigation_spacing=\u00bb15px\u00bb vs_navigation_mobile_display=\u00bbvisible\u00bb vs_tab_spacing=\u00bb5%\u00bb icon_size=\u00bb24&#8243; el_class=\u00bbtabs-bene-ingre-recyc\u00bb][tab icon_family=\u00bbnone\u00bb title=\u00bbBENEFICIOS\u00bb id=\u00bb1718612073372-8&#8243; tab_id=\u00bb1718612073372-4&#8243;][vc_column_text text_direction=\u00bbdefault\u00bb]\n<ul>\n<li>F\u00f3rmula rica y nutritiva.<\/li>\n<li>Nutre durante la noche.<\/li>\n<li>Potente dosis de activos epigen\u00e9ticos.<\/li>\n<\/ul>\n[\/vc_column_text][\/tab][tab icon_family=\u00bbnone\u00bb title=\u00bbINGREDIENTES CLAVES\u00bb id=\u00bb1718612073390-8&#8243; tab_id=\u00bb1718612073391-7&#8243;][vc_column_text text_direction=\u00bbdefault\u00bb]Activos de la flor de Cal\u00e9ndula: Ricos en oligosac\u00e1ridos cl\u00ednicamente probados en pieles de 54 a\u00f1os (reduce las arrugas un 22,8%, mejora el tono de la piel un 12,5% y mejora la elasticidad un 11,8%)<br \/>\nProte\u00ednas hidrolizadas de Levadura y Soja: Ayudan a proteger el ADN para mejorar el aspecto de la piel y reducir las arrugas. Manteca de Karit\u00e9: Grasas nutritivas y vitaminas para hidratar, proteger y conservar la elasticidad de la piel. Aceites de semilla de Melocot\u00f3n y de Almendras Dulces: Antiinflamatorios y restauradores de la barrera lip\u00eddica de la piel para evitar la p\u00e9rdida de agua. Flor de Acacia: Rica en antioxidantes reparadores y protectores. Aceite de S\u00e9samo: Rico en EFA para nutrir y reparar.[\/vc_column_text][\/tab][tab icon_family=\u00bbnone\u00bb title=\u00bbRECICLAJE\u00bb id=\u00bb1718612073400-6&#8243; tab_id=\u00bb1718612073401-5&#8243;][nectar_icon icon_family=\u00bbfontawesome\u00bb icon_style=\u00bbdefault\u00bb icon_color_type=\u00bbcolor_scheme\u00bb icon_color=\u00bbAccent-Color\u00bb icon_padding=\u00bb0px\u00bb pointer_events=\u00bball\u00bb icon_fontawesome=\u00bbfa fa-recycle\u00bb][vc_column_text css=\u00bb\u00bb text_direction=\u00bbdefault\u00bb el_class=\u00bbtitle-recycle\u00bb]\n<table class=\"table-recycle\">\n<tbody>\n<tr>\n<td class=\"title-recycle\" colspan=\"3\">TI<\/td>\n<\/tr>\n<tr>\n<td>ESC\u00c1TULA<\/td>\n<td>C\/PAP21<\/td>\n<td>CARTA<\/td>\n<\/tr>\n<tr>\n<td>CONTENITORE<\/td>\n<td>C\/PET90<\/td>\n<td>PLASTICA<\/td>\n<\/tr>\n<tr>\n<td>TAPPO<\/td>\n<td>PP5<\/td>\n<td>INDIFERENZIATO<\/td>\n<\/tr>\n<tr>\n<td colspan=\"3\">RACOLTA DIFFERENZIATA verifica le disposizioni del tuo Comune<\/td>\n<\/tr>\n<\/tbody>\n<\/table>\n[\/vc_column_text][\/tab][\/tabbed_section][\/vc_column][\/vc_row]\n","protected":false},"excerpt":{"rendered":"<p>Despierta con una piel m\u00e1s joven gracias a esta crema lujosa, rica y profundamente nutritiva. Formulada con el mayor porcentaje de activos epigen\u00e9ticos y aceites vegetales ricos en nutrientes que act\u00faan en armon\u00eda con el modo de reparaci\u00f3n nocturno natural de la piel para restaurar una tez joven y descansada.<\/p>\n<hr \/>\n<p>Bote : 50 ml<\/p>\n<hr \/>\n","protected":false},"featured_media":3536,"template":"","meta":{"_acf_changed":false},"product_brand":[],"product_cat":[118,139,110],"product_tag":[],"class_list":{"0":"post-3995","1":"product","2":"type-product","3":"status-publish","4":"has-post-thumbnail","6":"product_cat-cremas","7":"product_cat-cuidado-en-casa","8":"product_cat-epigenesse-es","10":"first","11":"instock","12":"shipping-taxable","13":"product-type-simple"},"acf":[],"_links":{"self":[{"href":"https:\/\/test2.lbioline.com\/es\/wp-json\/wp\/v2\/product\/3995","targetHints":{"allow":["GET"]}}],"collection":[{"href":"https:\/\/test2.lbioline.com\/es\/wp-json\/wp\/v2\/product"}],"about":[{"href":"https:\/\/test2.lbioline.com\/es\/wp-json\/wp\/v2\/types\/product"}],"wp:featuredmedia":[{"embeddable":true,"href":"https:\/\/test2.lbioline.com\/es\/wp-json\/wp\/v2\/media\/3536"}],"wp:attachment":[{"href":"https:\/\/test2.lbioline.com\/es\/wp-json\/wp\/v2\/media?parent=3995"}],"wp:term":[{"taxonomy":"product_brand","embeddable":true,"href":"https:\/\/test2.lbioline.com\/es\/wp-json\/wp\/v2\/product_brand?post=3995"},{"taxonomy":"product_cat","embeddable":true,"href":"https:\/\/test2.lbioline.com\/es\/wp-json\/wp\/v2\/product_cat?post=3995"},{"taxonomy":"product_tag","embeddable":true,"href":"https:\/\/test2.lbioline.com\/es\/wp-json\/wp\/v2\/product_tag?post=3995"}],"curies":[{"name":"wp","href":"https:\/\/api.w.org\/{rel}","templated":true}]}}