{"id":3998,"date":"2024-03-12T09:35:29","date_gmt":"2024-03-12T08:35:29","guid":{"rendered":"http:\/\/test2.lbioline.com\/product\/urban-defense-serum\/"},"modified":"2025-03-18T16:46:25","modified_gmt":"2025-03-18T15:46:25","slug":"urban-defense-serum","status":"publish","type":"product","link":"https:\/\/test2.lbioline.com\/es\/product\/urban-defense-serum\/","title":{"rendered":"Urban Defense Serum"},"content":{"rendered":"[vc_row type=\u00bbin_container\u00bb full_screen_row_position=\u00bbmiddle\u00bb column_margin=\u00bbdefault\u00bb column_direction=\u00bbdefault\u00bb column_direction_tablet=\u00bbdefault\u00bb column_direction_phone=\u00bbdefault\u00bb scene_position=\u00bbcenter\u00bb text_color=\u00bbdark\u00bb text_align=\u00bbleft\u00bb row_border_radius=\u00bbnone\u00bb row_border_radius_applies=\u00bbbg\u00bb overflow=\u00bbvisible\u00bb overlay_strength=\u00bb0.3&#8243; gradient_direction=\u00bbleft_to_right\u00bb shape_divider_position=\u00bbbottom\u00bb bg_image_animation=\u00bbnone\u00bb gradient_type=\u00bbdefault\u00bb shape_type=\u00bb\u00bb][vc_column column_padding=\u00bbno-extra-padding\u00bb column_padding_tablet=\u00bbinherit\u00bb column_padding_phone=\u00bbinherit\u00bb column_padding_position=\u00bball\u00bb column_element_direction_desktop=\u00bbdefault\u00bb column_element_spacing=\u00bbdefault\u00bb desktop_text_alignment=\u00bbcenter\u00bb tablet_text_alignment=\u00bbdefault\u00bb phone_text_alignment=\u00bbdefault\u00bb background_color_opacity=\u00bb1&#8243; background_hover_color_opacity=\u00bb1&#8243; column_backdrop_filter=\u00bbnone\u00bb column_shadow=\u00bbnone\u00bb column_border_radius=\u00bbnone\u00bb column_link_target=\u00bb_self\u00bb column_position=\u00bbdefault\u00bb gradient_direction=\u00bbleft_to_right\u00bb overlay_strength=\u00bb0.3&#8243; width=\u00bb1\/1&#8243; tablet_width_inherit=\u00bbdefault\u00bb animation_type=\u00bbdefault\u00bb bg_image_animation=\u00bbnone\u00bb border_type=\u00bbsimple\u00bb column_border_width=\u00bbnone\u00bb column_border_style=\u00bbsolid\u00bb column_padding_type=\u00bbdefault\u00bb gradient_type=\u00bbdefault\u00bb][tabbed_section style=\u00bbmaterial\u00bb tab_change_animation=\u00bbfade\u00bb alignment=\u00bbcenter\u00bb spacing=\u00bbside-20px\u00bb tab_color=\u00bbAccent-Color\u00bb vs_content_animation=\u00bbfade\u00bb vs_link_animation=\u00bbopacity\u00bb vs_navigation_alignment=\u00bbleft\u00bb vs_navigation_width_2=\u00bb25%\u00bb vs_navigation_func=\u00bbdefault\u00bb vs_navigation_width=\u00bbregular\u00bb vs_navigation_spacing=\u00bb15px\u00bb vs_navigation_mobile_display=\u00bbvisible\u00bb vs_tab_spacing=\u00bb5%\u00bb icon_size=\u00bb24&#8243; el_class=\u00bbtabs-bene-ingre-recyc\u00bb][tab icon_family=\u00bbnone\u00bb title=\u00bbBENEFICIOS\u00bb id=\u00bb1713262569142-10&#8243; tab_id=\u00bb1713262569142-4&#8243;][vc_column_text text_direction=\u00bbdefault\u00bb]\n<ul>\n<li>Protege contra las part\u00edculas contaminantes, incluidas las PM 2,5.<\/li>\n<li>F\u00f3rmula ligera e hidratante.<\/li>\n<li>Proporciona un escudo reparador y protector.<\/li>\n<\/ul>\n[\/vc_column_text][\/tab][tab icon_family=\u00bbnone\u00bb title=\u00bbINGREDIENTES CLAVES\u00bb id=\u00bb1713262569166-8&#8243; tab_id=\u00bb1713262569166-8&#8243;][vc_column_text text_direction=\u00bbdefault\u00bb]Aceite de semilla de Ar\u00e1ndano: Rico en antioxidantes para reparar y proteger de los da\u00f1os causados por la luz. <\/p>\n<p> Mezcla de microalgas: Protege la piel del estr\u00e9s interno que causa el da\u00f1o prematuro. Baycusan\u00ae: Forma una barrera protectora para bloquear las PM 2,5 y la absorci\u00f3n de contaminantes. Aceites vegetales (Avellana, Semilla de Arroz y resina del \u00e1rbol Copaiba). Reduce la inflamaci\u00f3n y nutre. \u00c1cido Hialur\u00f3nico: El im\u00e1n de humedad de la naturaleza para hidratar y rellenar la piel.[\/vc_column_text][\/tab][\/tabbed_section][\/vc_column][\/vc_row]\n","protected":false},"excerpt":{"rendered":"<p>Un suero protector ligero para defender a la piel de los da\u00f1os causados por la contaminaci\u00f3n ambiental y las part\u00edculas PM 2,5. El \u00e1cido Hialur\u00f3nico y los aceites vegetales ayudan a reparar y restaurar una hidrataci\u00f3n saludable. <\/p>\n<hr>\n<p>Bote : 30 ml<\/p>\n<hr>\n","protected":false},"featured_media":3554,"template":"","meta":{"_acf_changed":false},"product_brand":[],"product_cat":[139,129,115],"product_tag":[],"class_list":{"0":"post-3998","1":"product","2":"type-product","3":"status-publish","4":"has-post-thumbnail","6":"product_cat-cuidado-en-casa","7":"product_cat-serums-y-boosters","8":"product_cat-urban-defense-es","10":"first","11":"instock","12":"shipping-taxable","13":"product-type-simple"},"acf":[],"_links":{"self":[{"href":"https:\/\/test2.lbioline.com\/es\/wp-json\/wp\/v2\/product\/3998","targetHints":{"allow":["GET"]}}],"collection":[{"href":"https:\/\/test2.lbioline.com\/es\/wp-json\/wp\/v2\/product"}],"about":[{"href":"https:\/\/test2.lbioline.com\/es\/wp-json\/wp\/v2\/types\/product"}],"wp:featuredmedia":[{"embeddable":true,"href":"https:\/\/test2.lbioline.com\/es\/wp-json\/wp\/v2\/media\/3554"}],"wp:attachment":[{"href":"https:\/\/test2.lbioline.com\/es\/wp-json\/wp\/v2\/media?parent=3998"}],"wp:term":[{"taxonomy":"product_brand","embeddable":true,"href":"https:\/\/test2.lbioline.com\/es\/wp-json\/wp\/v2\/product_brand?post=3998"},{"taxonomy":"product_cat","embeddable":true,"href":"https:\/\/test2.lbioline.com\/es\/wp-json\/wp\/v2\/product_cat?post=3998"},{"taxonomy":"product_tag","embeddable":true,"href":"https:\/\/test2.lbioline.com\/es\/wp-json\/wp\/v2\/product_tag?post=3998"}],"curies":[{"name":"wp","href":"https:\/\/api.w.org\/{rel}","templated":true}]}}