{"id":4006,"date":"2024-03-11T12:28:45","date_gmt":"2024-03-11T11:28:45","guid":{"rendered":"http:\/\/test2.lbioline.com\/product\/cellular-3-renewal-cream\/"},"modified":"2025-03-14T13:13:18","modified_gmt":"2025-03-14T12:13:18","slug":"cellular-3-renewal-cream","status":"publish","type":"product","link":"https:\/\/test2.lbioline.com\/es\/product\/cellular-3-renewal-cream\/","title":{"rendered":"Cellular 3 Renewal Cream"},"content":{"rendered":"[vc_row type=\u00bbin_container\u00bb full_screen_row_position=\u00bbmiddle\u00bb column_margin=\u00bbdefault\u00bb column_direction=\u00bbdefault\u00bb column_direction_tablet=\u00bbdefault\u00bb column_direction_phone=\u00bbdefault\u00bb scene_position=\u00bbcenter\u00bb text_color=\u00bbdark\u00bb text_align=\u00bbleft\u00bb row_border_radius=\u00bbnone\u00bb row_border_radius_applies=\u00bbbg\u00bb overflow=\u00bbvisible\u00bb overlay_strength=\u00bb0.3&#8243; gradient_direction=\u00bbleft_to_right\u00bb shape_divider_position=\u00bbbottom\u00bb bg_image_animation=\u00bbnone\u00bb gradient_type=\u00bbdefault\u00bb shape_type=\u00bb\u00bb][vc_column column_padding=\u00bbno-extra-padding\u00bb column_padding_tablet=\u00bbinherit\u00bb column_padding_phone=\u00bbinherit\u00bb column_padding_position=\u00bball\u00bb column_element_direction_desktop=\u00bbdefault\u00bb column_element_spacing=\u00bbdefault\u00bb desktop_text_alignment=\u00bbcenter\u00bb tablet_text_alignment=\u00bbdefault\u00bb phone_text_alignment=\u00bbdefault\u00bb background_color_opacity=\u00bb1&#8243; background_hover_color_opacity=\u00bb1&#8243; column_backdrop_filter=\u00bbnone\u00bb column_shadow=\u00bbnone\u00bb column_border_radius=\u00bbnone\u00bb column_link_target=\u00bb_self\u00bb column_position=\u00bbdefault\u00bb gradient_direction=\u00bbleft_to_right\u00bb overlay_strength=\u00bb0.3&#8243; width=\u00bb1\/1&#8243; tablet_width_inherit=\u00bbdefault\u00bb animation_type=\u00bbdefault\u00bb bg_image_animation=\u00bbnone\u00bb border_type=\u00bbsimple\u00bb column_border_width=\u00bbnone\u00bb column_border_style=\u00bbsolid\u00bb column_padding_type=\u00bbdefault\u00bb gradient_type=\u00bbdefault\u00bb][tabbed_section style=\u00bbmaterial\u00bb tab_change_animation=\u00bbfade\u00bb alignment=\u00bbcenter\u00bb spacing=\u00bbside-20px\u00bb tab_color=\u00bbAccent-Color\u00bb vs_content_animation=\u00bbfade\u00bb vs_link_animation=\u00bbopacity\u00bb vs_navigation_alignment=\u00bbleft\u00bb vs_navigation_width_2=\u00bb25%\u00bb vs_navigation_func=\u00bbdefault\u00bb vs_navigation_width=\u00bbregular\u00bb vs_navigation_spacing=\u00bb15px\u00bb vs_navigation_mobile_display=\u00bbvisible\u00bb vs_tab_spacing=\u00bb5%\u00bb icon_size=\u00bb24&#8243; el_class=\u00bbtabs-bene-ingre-recyc\u00bb][tab icon_family=\u00bbnone\u00bb title=\u00bbBENEFICIOS\u00bb id=\u00bb1713263142564-2&#8243; tab_id=\u00bb1713263142565-7&#8243;][vc_column_text text_direction=\u00bbdefault\u00bb]\n<ul>\n<li>Efecto Botox para reafirmar y alisar las arrugas.<\/li>\n<li>Promueve la renovaci\u00f3n de la piel.<\/li>\n<li>Hidrata la barrera cut\u00e1nea.<\/li>\n<\/ul>\n[\/vc_column_text][\/tab][tab icon_family=\u00bbnone\u00bb title=\u00bbINGREDIENTES CLAVES\u00bb id=\u00bb1713263142633-2&#8243; tab_id=\u00bb1713263142634-7&#8243;][vc_column_text text_direction=\u00bbdefault\u00bb]Acmella Oleracea. Extracto vegetal conocido como \u00abbotox natural\u00bb que reafirma y suaviza inmediatamente las arrugas. P\u00e9ptido Biomim\u00e9tico: Ayuda a revertir y prevenir el envejecimiento celular. Ceramidas. Hidratan y refuerzan la barrera epid\u00e9rmica. Malt Secret: S\u00faper antioxidante que combate los da\u00f1os medioambientales. 3 Factores de Crecimiento Vegetales: Reparan y renuevan.[\/vc_column_text][\/tab][tab icon_family=\u00bbnone\u00bb title=\u00bbRECICLAJE\u00bb id=\u00bb1713263142657-3&#8243; tab_id=\u00bb1713263142658-6&#8243;][nectar_icon icon_family=\u00bbfontawesome\u00bb icon_style=\u00bbdefault\u00bb icon_color_type=\u00bbcolor_scheme\u00bb icon_color=\u00bbAccent-Color\u00bb icon_padding=\u00bb0px\u00bb pointer_events=\u00bball\u00bb icon_fontawesome=\u00bbfa fa-recycle\u00bb][vc_column_text text_direction=\u00bbdefault\u00bb el_class=\u00bbtitle-recycle\u00bb]\n<table class=\"table-recycle\">\n<tbody>\n<tr>\n<td class=\"title-recycle\" colspan=\"3\">TI<\/td>\n<\/tr>\n<tr>\n<td>ESC\u00c1TULA<\/td>\n<td>PAP21<\/td>\n<td>CARTA<\/td>\n<\/tr>\n<tr>\n<td>CONTENITORE<\/td>\n<td>C\/PET90<\/td>\n<td>INDIFFERENZIATO<\/td>\n<\/tr>\n<tr>\n<td>TAPPO<\/td>\n<td>C\/PP5<\/td>\n<td>PLASTICA<\/td>\n<\/tr>\n<tr>\n<td>ETICHETA<\/td>\n<td>PP5<\/td>\n<td>PL\u00c1STICA<\/td>\n<\/tr>\n<tr>\n<td colspan=\"3\">RACOLTA DIFFERENZIATA<br \/>\nverifica le disposizioni del tuo Comune<\/td>\n<\/tr>\n<\/tbody>\n<\/table>\n[\/vc_column_text][\/tab][\/tabbed_section][\/vc_column][\/vc_row]\n","protected":false},"excerpt":{"rendered":"<p>Crema satinada de d\u00eda y noche con C\u00e9lulas Madre Vegetales, Ceramidas, P\u00e9ptidos renovadores y Antioxidantes protectores para prevenir el envejecimiento prematuro. Con Acmella Oleracea, conocida como la \u00abplanta botox\u00bb, que eleva y reafirma la piel.<\/p>\n<hr \/>\n<p>Bote : 50 ml<\/p>\n<hr \/>\n","protected":false},"featured_media":3532,"template":"","meta":{"_acf_changed":false},"product_brand":[],"product_cat":[108,118,139],"product_tag":[],"class_list":{"0":"post-4006","1":"product","2":"type-product","3":"status-publish","4":"has-post-thumbnail","6":"product_cat-cellular-3-es","7":"product_cat-cremas","8":"product_cat-cuidado-en-casa","10":"first","11":"instock","12":"shipping-taxable","13":"product-type-simple"},"acf":[],"_links":{"self":[{"href":"https:\/\/test2.lbioline.com\/es\/wp-json\/wp\/v2\/product\/4006","targetHints":{"allow":["GET"]}}],"collection":[{"href":"https:\/\/test2.lbioline.com\/es\/wp-json\/wp\/v2\/product"}],"about":[{"href":"https:\/\/test2.lbioline.com\/es\/wp-json\/wp\/v2\/types\/product"}],"wp:featuredmedia":[{"embeddable":true,"href":"https:\/\/test2.lbioline.com\/es\/wp-json\/wp\/v2\/media\/3532"}],"wp:attachment":[{"href":"https:\/\/test2.lbioline.com\/es\/wp-json\/wp\/v2\/media?parent=4006"}],"wp:term":[{"taxonomy":"product_brand","embeddable":true,"href":"https:\/\/test2.lbioline.com\/es\/wp-json\/wp\/v2\/product_brand?post=4006"},{"taxonomy":"product_cat","embeddable":true,"href":"https:\/\/test2.lbioline.com\/es\/wp-json\/wp\/v2\/product_cat?post=4006"},{"taxonomy":"product_tag","embeddable":true,"href":"https:\/\/test2.lbioline.com\/es\/wp-json\/wp\/v2\/product_tag?post=4006"}],"curies":[{"name":"wp","href":"https:\/\/api.w.org\/{rel}","templated":true}]}}