{"id":4011,"date":"2024-03-11T11:16:03","date_gmt":"2024-03-11T10:16:03","guid":{"rendered":"http:\/\/test2.lbioline.com\/product\/exfoliante-aqua-vital-flash-2\/"},"modified":"2025-03-07T11:37:15","modified_gmt":"2025-03-07T10:37:15","slug":"exfoliante-aqua-vital-flash-es","status":"publish","type":"product","link":"https:\/\/test2.lbioline.com\/es\/product\/exfoliante-aqua-vital-flash-es\/","title":{"rendered":"Exfoliante Aqua Vital Flash"},"content":{"rendered":"[vc_row type=\u00bbin_container\u00bb full_screen_row_position=\u00bbmiddle\u00bb column_margin=\u00bbdefault\u00bb column_direction=\u00bbdefault\u00bb column_direction_tablet=\u00bbdefault\u00bb column_direction_phone=\u00bbdefault\u00bb scene_position=\u00bbcenter\u00bb text_color=\u00bbdark\u00bb text_align=\u00bbleft\u00bb row_border_radius=\u00bbnone\u00bb row_border_radius_applies=\u00bbbg\u00bb overflow=\u00bbvisible\u00bb overlay_strength=\u00bb0.3&#8243; gradient_direction=\u00bbleft_to_right\u00bb shape_divider_position=\u00bbbottom\u00bb bg_image_animation=\u00bbnone\u00bb gradient_type=\u00bbdefault\u00bb shape_type=\u00bb\u00bb][vc_column column_padding=\u00bbno-extra-padding\u00bb column_padding_tablet=\u00bbinherit\u00bb column_padding_phone=\u00bbinherit\u00bb column_padding_position=\u00bball\u00bb column_element_direction_desktop=\u00bbdefault\u00bb column_element_spacing=\u00bbdefault\u00bb desktop_text_alignment=\u00bbcenter\u00bb tablet_text_alignment=\u00bbdefault\u00bb phone_text_alignment=\u00bbdefault\u00bb background_color_opacity=\u00bb1&#8243; background_hover_color_opacity=\u00bb1&#8243; column_backdrop_filter=\u00bbnone\u00bb column_shadow=\u00bbnone\u00bb column_border_radius=\u00bbnone\u00bb column_link_target=\u00bb_self\u00bb column_position=\u00bbdefault\u00bb gradient_direction=\u00bbleft_to_right\u00bb overlay_strength=\u00bb0.3&#8243; width=\u00bb1\/1&#8243; tablet_width_inherit=\u00bbdefault\u00bb animation_type=\u00bbdefault\u00bb bg_image_animation=\u00bbnone\u00bb border_type=\u00bbsimple\u00bb column_border_width=\u00bbnone\u00bb column_border_style=\u00bbsolid\u00bb column_padding_type=\u00bbdefault\u00bb gradient_type=\u00bbdefault\u00bb][tabbed_section style=\u00bbmaterial\u00bb tab_change_animation=\u00bbfade\u00bb alignment=\u00bbcenter\u00bb spacing=\u00bbside-20px\u00bb tab_color=\u00bbAccent-Color\u00bb vs_content_animation=\u00bbfade\u00bb vs_link_animation=\u00bbopacity\u00bb vs_navigation_alignment=\u00bbleft\u00bb vs_navigation_width_2=\u00bb25%\u00bb vs_navigation_func=\u00bbdefault\u00bb vs_navigation_width=\u00bbregular\u00bb vs_navigation_spacing=\u00bb15px\u00bb vs_navigation_mobile_display=\u00bbvisible\u00bb vs_tab_spacing=\u00bb5%\u00bb icon_size=\u00bb24&#8243; el_class=\u00bbtabs-bene-ingre-recyc\u00bb][tab icon_family=\u00bbnone\u00bb title=\u00bbBENEFICIOS\u00bb id=\u00bb1713263853292-1&#8243; tab_id=\u00bb1713263853292-10&#8243;][vc_column_text text_direction=\u00bbdefault\u00bb]\n<ul>\n<li>Exfolia r\u00e1pidamente y elimina las c\u00e9lulas muertas de la piel.<\/li>\n<li>Descongestiona los poros y alisa la textura.<\/li>\n<li>Deja la piel suave y flexible.<\/li>\n<\/ul>\n[\/vc_column_text][\/tab][tab icon_family=\u00bbnone\u00bb title=\u00bbINGREDIENTES CLAVES\u00bb id=\u00bb1713263853300-5&#8243; tab_id=\u00bb1713263853300-6&#8243;][vc_column_text text_direction=\u00bbdefault\u00bb]Pumita: 100% natural procedente de roca volc\u00e1nica. Realiza una exfoliaci\u00f3n mec\u00e1nica, elimina las c\u00e9lulas muertas y afina la textura de la piel. AHA\u00b4s y \u00e1cido Salic\u00edlico: Disuelve las c\u00e9lulas muertas y los deshechos y favorece la regeneraci\u00f3n de nuevas c\u00e9lulas. Escualeno: Suavizante y nutritivo. \u00c1cido Hialur\u00f3nico: Hidrata.[\/vc_column_text][\/tab][tab icon_family=\u00bbnone\u00bb title=\u00bbRECICLAJE\u00bb id=\u00bb1713263853308-9&#8243; tab_id=\u00bb1713263853309-7&#8243;][nectar_icon icon_family=\u00bbfontawesome\u00bb icon_style=\u00bbdefault\u00bb icon_color_type=\u00bbcolor_scheme\u00bb icon_color=\u00bbAccent-Color\u00bb icon_padding=\u00bb0px\u00bb pointer_events=\u00bball\u00bb icon_fontawesome=\u00bbfa fa-recycle\u00bb][vc_column_text text_direction=\u00bbdefault\u00bb el_class=\u00bbtitle-recycle\u00bb]\n<table>\n<tbody>\n<tr>\n<td colspan=\"3\">TI<\/td>\n<\/tr>\n<tr>\n<td>CONTENITORE<\/td>\n<td>C\/PET90<\/td>\n<td>INDIFFERENZIATO<\/td>\n<\/tr>\n<tr>\n<td colspan=\"3\">RACOLTA DIFFERENZIATA verifica le disposizioni del tuo Comune<\/td>\n<\/tr>\n<\/tbody>\n<\/table>\n[\/vc_column_text][\/tab][\/tabbed_section][\/vc_column][\/vc_row]\n","protected":false},"excerpt":{"rendered":"<p>Exfoliante iluminador r\u00e1pido y eficaz con Pumita finamente molida, \u00e1cidos frutales y \u00e1cido Salic\u00edlico para mejorar notablemente la textura y resplandor de la piel. Con \u00e1cido Hialur\u00f3nico, hidratante rellenador.<br \/>\nIdeal para utilizar como tratamiento semanal de limpieza de poros y antes de ocasiones especiales para una aplicaci\u00f3n impecable del maquillaje.<\/p>\n<hr \/>\n<p>Tubo: 50 ml<\/p>\n<hr \/>\n","protected":false},"featured_media":3686,"template":"","meta":{"_acf_changed":false},"product_brand":[],"product_cat":[107,139,105],"product_tag":[],"class_list":{"0":"post-4011","1":"product","2":"type-product","3":"status-publish","4":"has-post-thumbnail","6":"product_cat-aqua-vital-es","7":"product_cat-cuidado-en-casa","8":"product_cat-exfoliantes","10":"first","11":"instock","12":"shipping-taxable","13":"product-type-simple"},"acf":[],"_links":{"self":[{"href":"https:\/\/test2.lbioline.com\/es\/wp-json\/wp\/v2\/product\/4011","targetHints":{"allow":["GET"]}}],"collection":[{"href":"https:\/\/test2.lbioline.com\/es\/wp-json\/wp\/v2\/product"}],"about":[{"href":"https:\/\/test2.lbioline.com\/es\/wp-json\/wp\/v2\/types\/product"}],"wp:featuredmedia":[{"embeddable":true,"href":"https:\/\/test2.lbioline.com\/es\/wp-json\/wp\/v2\/media\/3686"}],"wp:attachment":[{"href":"https:\/\/test2.lbioline.com\/es\/wp-json\/wp\/v2\/media?parent=4011"}],"wp:term":[{"taxonomy":"product_brand","embeddable":true,"href":"https:\/\/test2.lbioline.com\/es\/wp-json\/wp\/v2\/product_brand?post=4011"},{"taxonomy":"product_cat","embeddable":true,"href":"https:\/\/test2.lbioline.com\/es\/wp-json\/wp\/v2\/product_cat?post=4011"},{"taxonomy":"product_tag","embeddable":true,"href":"https:\/\/test2.lbioline.com\/es\/wp-json\/wp\/v2\/product_tag?post=4011"}],"curies":[{"name":"wp","href":"https:\/\/api.w.org\/{rel}","templated":true}]}}