{"id":4017,"date":"2024-03-12T10:49:36","date_gmt":"2024-03-12T09:49:36","guid":{"rendered":"http:\/\/test2.lbioline.com\/product\/beauty-sleep-mask\/"},"modified":"2025-03-20T12:09:17","modified_gmt":"2025-03-20T11:09:17","slug":"beauty-sleep-mask","status":"publish","type":"product","link":"https:\/\/test2.lbioline.com\/es\/product\/beauty-sleep-mask\/","title":{"rendered":"Beauty Sleep Mask"},"content":{"rendered":"[vc_row type=\u00bbin_container\u00bb full_screen_row_position=\u00bbmiddle\u00bb column_margin=\u00bbdefault\u00bb column_direction=\u00bbdefault\u00bb column_direction_tablet=\u00bbdefault\u00bb column_direction_phone=\u00bbdefault\u00bb scene_position=\u00bbcenter\u00bb text_color=\u00bbdark\u00bb text_align=\u00bbleft\u00bb row_border_radius=\u00bbnone\u00bb row_border_radius_applies=\u00bbbg\u00bb overflow=\u00bbvisible\u00bb overlay_strength=\u00bb0.3&#8243; gradient_direction=\u00bbleft_to_right\u00bb shape_divider_position=\u00bbbottom\u00bb bg_image_animation=\u00bbnone\u00bb gradient_type=\u00bbdefault\u00bb shape_type=\u00bb\u00bb][vc_column column_padding=\u00bbno-extra-padding\u00bb column_padding_tablet=\u00bbinherit\u00bb column_padding_phone=\u00bbinherit\u00bb column_padding_position=\u00bball\u00bb column_element_direction_desktop=\u00bbdefault\u00bb column_element_spacing=\u00bbdefault\u00bb desktop_text_alignment=\u00bbcenter\u00bb tablet_text_alignment=\u00bbdefault\u00bb phone_text_alignment=\u00bbdefault\u00bb background_color_opacity=\u00bb1&#8243; background_hover_color_opacity=\u00bb1&#8243; column_backdrop_filter=\u00bbnone\u00bb column_shadow=\u00bbnone\u00bb column_border_radius=\u00bbnone\u00bb column_link_target=\u00bb_self\u00bb column_position=\u00bbdefault\u00bb gradient_direction=\u00bbleft_to_right\u00bb overlay_strength=\u00bb0.3&#8243; width=\u00bb1\/1&#8243; tablet_width_inherit=\u00bbdefault\u00bb animation_type=\u00bbdefault\u00bb bg_image_animation=\u00bbnone\u00bb border_type=\u00bbsimple\u00bb column_border_width=\u00bbnone\u00bb column_border_style=\u00bbsolid\u00bb column_padding_type=\u00bbdefault\u00bb gradient_type=\u00bbdefault\u00bb][tabbed_section style=\u00bbmaterial\u00bb tab_change_animation=\u00bbfade\u00bb alignment=\u00bbcenter\u00bb spacing=\u00bbside-20px\u00bb tab_color=\u00bbAccent-Color\u00bb vs_content_animation=\u00bbfade\u00bb vs_link_animation=\u00bbopacity\u00bb vs_navigation_alignment=\u00bbleft\u00bb vs_navigation_width_2=\u00bb25%\u00bb vs_navigation_func=\u00bbdefault\u00bb vs_navigation_width=\u00bbregular\u00bb vs_navigation_spacing=\u00bb15px\u00bb vs_navigation_mobile_display=\u00bbvisible\u00bb vs_tab_spacing=\u00bb5%\u00bb icon_size=\u00bb24&#8243; el_class=\u00bbtabs-bene-ingre-recyc\u00bb][tab icon_family=\u00bbnone\u00bb title=\u00bbBENEFICIOS\u00bb id=\u00bb1713264556149-9&#8243; tab_id=\u00bb1713264556150-3&#8243;][vc_column_text text_direction=\u00bbdefault\u00bb]\n<ul>\n<li>Repara durante la noche.<\/li>\n<li>Deja la piel suave, flexible y luminosa.<\/li>\n<li>Con prebi\u00f3ticos que ayudan al microbioma de la piel.<\/li>\n<\/ul>\n[\/vc_column_text][\/tab][tab icon_family=\u00bbnone\u00bb title=\u00bbINGREDIENTES CLAVES\u00bb id=\u00bb1713264568195-10&#8243; tab_id=\u00bb1713264568195-2&#8243;][vc_column_text text_direction=\u00bbdefault\u00bb]Prebi\u00f3ticos (oligosac\u00e1ridos alfa-glucano): Aumentan la diversidad del microbioma cut\u00e1neo para una piel sana y calmada. Ricos en antioxidantes protectores. Escualeno: Prebi\u00f3tico. Extra\u00eddo de la ca\u00f1a de az\u00facar para nutrir y aumentar la diversidad del microbioma y reforzar la barrera cut\u00e1nea. Glicerina: Humectante para hidratar y suavizar la piel. Aceite de Oliva: Rico en \u00e1cidos grasos esenciales.Vvitamina E y K: Mejoran la resistencia de la piel.[\/vc_column_text][\/tab][tab icon_family=\u00bbnone\u00bb title=\u00bbRECICLAJE\u00bb id=\u00bb1713264556168-7&#8243; tab_id=\u00bb1713264556168-0&#8243;][nectar_icon icon_family=\u00bbfontawesome\u00bb icon_style=\u00bbdefault\u00bb icon_color_type=\u00bbcolor_scheme\u00bb icon_color=\u00bbAccent-Color\u00bb icon_padding=\u00bb0px\u00bb pointer_events=\u00bball\u00bb icon_fontawesome=\u00bbfa fa-recycle\u00bb][vc_column_text text_direction=\u00bbdefault\u00bb el_class=\u00bbtitle-recycle\u00bb]\n<table>\n<tbody>\n<tr>\n<td colspan=\"3\">TI<\/td>\n<\/tr>\n<tr>\n<td>CONTENITORE<\/td>\n<td>C\/PET90<\/td>\n<td>INDIFFERENZIATO<\/td>\n<\/tr>\n<tr>\n<td colspan=\"3\">RACOLTA DIFFERENZIATA verifica le disposizioni del tuo Comune<\/td>\n<\/tr>\n<\/tbody>\n<\/table>\n[\/vc_column_text][\/tab][\/tabbed_section][\/vc_column][\/vc_row]\n","protected":false},"excerpt":{"rendered":"<p>Un tratamiento embellecedor nocturno con aceites nutritivos y prebi\u00f3ticos que act\u00faan en t\u00e1ndem con el modo de reparaci\u00f3n nocturno natural de la piel para reducir los efectos visibles del estr\u00e9s oxidativo que causa el envejecimiento prematuro. La piel recupera toda su hidrataci\u00f3n, flexibilidad y luminosidad. \u00a1Despi\u00e9rtese con un efecto \u00abglow\u00bb en su piel!<\/p>\n<hr>\n<p>Bote : 50 ml<\/p>\n<hr>\n","protected":false},"featured_media":3562,"template":"","meta":{"_acf_changed":false},"product_brand":[],"product_cat":[139,112,117],"product_tag":[],"class_list":{"0":"post-4017","1":"product","2":"type-product","3":"status-publish","4":"has-post-thumbnail","6":"product_cat-cuidado-en-casa","7":"product_cat-harmony-es","8":"product_cat-mascarillas","10":"first","11":"instock","12":"shipping-taxable","13":"product-type-simple"},"acf":[],"_links":{"self":[{"href":"https:\/\/test2.lbioline.com\/es\/wp-json\/wp\/v2\/product\/4017","targetHints":{"allow":["GET"]}}],"collection":[{"href":"https:\/\/test2.lbioline.com\/es\/wp-json\/wp\/v2\/product"}],"about":[{"href":"https:\/\/test2.lbioline.com\/es\/wp-json\/wp\/v2\/types\/product"}],"wp:featuredmedia":[{"embeddable":true,"href":"https:\/\/test2.lbioline.com\/es\/wp-json\/wp\/v2\/media\/3562"}],"wp:attachment":[{"href":"https:\/\/test2.lbioline.com\/es\/wp-json\/wp\/v2\/media?parent=4017"}],"wp:term":[{"taxonomy":"product_brand","embeddable":true,"href":"https:\/\/test2.lbioline.com\/es\/wp-json\/wp\/v2\/product_brand?post=4017"},{"taxonomy":"product_cat","embeddable":true,"href":"https:\/\/test2.lbioline.com\/es\/wp-json\/wp\/v2\/product_cat?post=4017"},{"taxonomy":"product_tag","embeddable":true,"href":"https:\/\/test2.lbioline.com\/es\/wp-json\/wp\/v2\/product_tag?post=4017"}],"curies":[{"name":"wp","href":"https:\/\/api.w.org\/{rel}","templated":true}]}}