{"id":4032,"date":"2024-03-14T10:30:59","date_gmt":"2024-03-14T09:30:59","guid":{"rendered":"http:\/\/test2.lbioline.com\/product\/aminofirm-2-0\/"},"modified":"2025-02-25T10:20:42","modified_gmt":"2025-02-25T09:20:42","slug":"aminofirm-2-0","status":"publish","type":"product","link":"https:\/\/test2.lbioline.com\/es\/product\/aminofirm-2-0\/","title":{"rendered":"Aminofirm 2.0"},"content":{"rendered":"[vc_row type=\u00bbin_container\u00bb full_screen_row_position=\u00bbmiddle\u00bb column_margin=\u00bbdefault\u00bb column_direction=\u00bbdefault\u00bb column_direction_tablet=\u00bbdefault\u00bb column_direction_phone=\u00bbdefault\u00bb scene_position=\u00bbcenter\u00bb text_color=\u00bbdark\u00bb text_align=\u00bbleft\u00bb row_border_radius=\u00bbnone\u00bb row_border_radius_applies=\u00bbbg\u00bb overflow=\u00bbvisible\u00bb overlay_strength=\u00bb0.3&#8243; gradient_direction=\u00bbleft_to_right\u00bb shape_divider_position=\u00bbbottom\u00bb bg_image_animation=\u00bbnone\u00bb gradient_type=\u00bbdefault\u00bb shape_type=\u00bb\u00bb][vc_column column_padding=\u00bbno-extra-padding\u00bb column_padding_tablet=\u00bbinherit\u00bb column_padding_phone=\u00bbinherit\u00bb column_padding_position=\u00bball\u00bb column_element_direction_desktop=\u00bbdefault\u00bb column_element_spacing=\u00bbdefault\u00bb desktop_text_alignment=\u00bbcenter\u00bb tablet_text_alignment=\u00bbdefault\u00bb phone_text_alignment=\u00bbdefault\u00bb background_color_opacity=\u00bb1&#8243; background_hover_color_opacity=\u00bb1&#8243; column_backdrop_filter=\u00bbnone\u00bb column_shadow=\u00bbnone\u00bb column_border_radius=\u00bbnone\u00bb column_link_target=\u00bb_self\u00bb column_position=\u00bbdefault\u00bb gradient_direction=\u00bbleft_to_right\u00bb overlay_strength=\u00bb0.3&#8243; width=\u00bb1\/1&#8243; tablet_width_inherit=\u00bbdefault\u00bb animation_type=\u00bbdefault\u00bb bg_image_animation=\u00bbnone\u00bb border_type=\u00bbsimple\u00bb column_border_width=\u00bbnone\u00bb column_border_style=\u00bbsolid\u00bb column_padding_type=\u00bbdefault\u00bb gradient_type=\u00bbdefault\u00bb][tabbed_section style=\u00bbmaterial\u00bb tab_change_animation=\u00bbfade\u00bb alignment=\u00bbcenter\u00bb spacing=\u00bbside-20px\u00bb tab_color=\u00bbAccent-Color\u00bb vs_content_animation=\u00bbfade\u00bb vs_link_animation=\u00bbopacity\u00bb vs_navigation_alignment=\u00bbleft\u00bb vs_navigation_width_2=\u00bb25%\u00bb vs_navigation_func=\u00bbdefault\u00bb vs_navigation_width=\u00bbregular\u00bb vs_navigation_spacing=\u00bb15px\u00bb vs_navigation_mobile_display=\u00bbvisible\u00bb vs_tab_spacing=\u00bb5%\u00bb icon_size=\u00bb24&#8243; el_class=\u00bbtabs-bene-ingre-recyc\u00bb][tab icon_family=\u00bbnone\u00bb title=\u00bbBENEFICIOS\u00bb id=\u00bb1713252927404-9&#8243; tab_id=\u00bb1713252927404-2&#8243;][vc_column_text text_direction=\u00bbdefault\u00bb]1. Recupera las zonas con p\u00e9rdida de elasticidad.<br \/>\n2. Reafirma y redefine el contorno corporal.<br \/>\n3. Reduce el envejecimiento de la piel y las estr\u00edas.[\/vc_column_text][\/tab][tab icon_family=\u00bbnone\u00bb title=\u00bbACTIVOS CLAVES\u00bb id=\u00bb1713252927421-10&#8243; tab_id=\u00bb1713252927422-7&#8243;][vc_column_text text_direction=\u00bbdefault\u00bb]La Centella Asi\u00e1tica, el extracto de Leche y la Elastina estimulan la regeneraci\u00f3n celular, devolviendo al contorno corporal la elasticidad y densidad perdidas. El Silicio Org\u00e1nico neutraliza los radicales libres para mantener la elasticidad de la piel, mientras que las prote\u00ednas de Soja tienen un efecto antienvejecimiento para conseguir una piel m\u00e1s joven y firme.[\/vc_column_text][\/tab][\/tabbed_section][\/vc_column][\/vc_row]\n","protected":false},"excerpt":{"rendered":"<p>Una mezcla \u00fanica de activos tensores en una crema corporal rica y nutritiva. Reafirma, tonifica y fortalece el tejido cut\u00e1neo a la vez que combate la formaci\u00f3n de estr\u00edas. <\/p>\n<hr>\n<p>Tubo : 200 ml<\/p>\n<hr>\n","protected":false},"featured_media":3697,"template":"","meta":{"_acf_changed":false},"product_brand":[],"product_cat":[139,133],"product_tag":[],"class_list":{"0":"post-4032","1":"product","2":"type-product","3":"status-publish","4":"has-post-thumbnail","6":"product_cat-cuidado-en-casa","7":"product_cat-silhouette-venta-publico-es","9":"first","10":"instock","11":"shipping-taxable","12":"product-type-simple"},"acf":[],"_links":{"self":[{"href":"https:\/\/test2.lbioline.com\/es\/wp-json\/wp\/v2\/product\/4032","targetHints":{"allow":["GET"]}}],"collection":[{"href":"https:\/\/test2.lbioline.com\/es\/wp-json\/wp\/v2\/product"}],"about":[{"href":"https:\/\/test2.lbioline.com\/es\/wp-json\/wp\/v2\/types\/product"}],"wp:featuredmedia":[{"embeddable":true,"href":"https:\/\/test2.lbioline.com\/es\/wp-json\/wp\/v2\/media\/3697"}],"wp:attachment":[{"href":"https:\/\/test2.lbioline.com\/es\/wp-json\/wp\/v2\/media?parent=4032"}],"wp:term":[{"taxonomy":"product_brand","embeddable":true,"href":"https:\/\/test2.lbioline.com\/es\/wp-json\/wp\/v2\/product_brand?post=4032"},{"taxonomy":"product_cat","embeddable":true,"href":"https:\/\/test2.lbioline.com\/es\/wp-json\/wp\/v2\/product_cat?post=4032"},{"taxonomy":"product_tag","embeddable":true,"href":"https:\/\/test2.lbioline.com\/es\/wp-json\/wp\/v2\/product_tag?post=4032"}],"curies":[{"name":"wp","href":"https:\/\/api.w.org\/{rel}","templated":true}]}}