{"id":4575,"date":"2025-05-19T12:45:52","date_gmt":"2025-05-19T10:45:52","guid":{"rendered":"http:\/\/test2.lbioline.com\/product\/melaperfect-night-cream\/"},"modified":"2025-05-19T14:12:14","modified_gmt":"2025-05-19T12:12:14","slug":"melaperfect-night-cream","status":"publish","type":"product","link":"https:\/\/test2.lbioline.com\/es\/product\/melaperfect-night-cream\/","title":{"rendered":"MelaPerfect Night Cream"},"content":{"rendered":"[vc_row type=\u00bbin_container\u00bb full_screen_row_position=\u00bbmiddle\u00bb column_margin=\u00bbdefault\u00bb column_direction=\u00bbdefault\u00bb column_direction_tablet=\u00bbdefault\u00bb column_direction_phone=\u00bbdefault\u00bb scene_position=\u00bbcenter\u00bb text_color=\u00bbdark\u00bb text_align=\u00bbleft\u00bb row_border_radius=\u00bbnone\u00bb row_border_radius_applies=\u00bbbg\u00bb overflow=\u00bbvisible\u00bb overlay_strength=\u00bb0.3&#8243; gradient_direction=\u00bbleft_to_right\u00bb shape_divider_position=\u00bbbottom\u00bb bg_image_animation=\u00bbnone\u00bb gradient_type=\u00bbdefault\u00bb shape_type=\u00bb\u00bb][vc_column column_padding=\u00bbno-extra-padding\u00bb column_padding_tablet=\u00bbinherit\u00bb column_padding_phone=\u00bbinherit\u00bb column_padding_position=\u00bball\u00bb column_element_direction_desktop=\u00bbdefault\u00bb column_element_spacing=\u00bbdefault\u00bb desktop_text_alignment=\u00bbcenter\u00bb tablet_text_alignment=\u00bbdefault\u00bb phone_text_alignment=\u00bbdefault\u00bb background_color_opacity=\u00bb1&#8243; background_hover_color_opacity=\u00bb1&#8243; column_backdrop_filter=\u00bbnone\u00bb column_shadow=\u00bbnone\u00bb column_border_radius=\u00bbnone\u00bb column_link_target=\u00bb_self\u00bb column_position=\u00bbdefault\u00bb gradient_direction=\u00bbleft_to_right\u00bb overlay_strength=\u00bb0.3&#8243; width=\u00bb1\/1&#8243; tablet_width_inherit=\u00bbdefault\u00bb animation_type=\u00bbdefault\u00bb bg_image_animation=\u00bbnone\u00bb border_type=\u00bbsimple\u00bb column_border_width=\u00bbnone\u00bb column_border_style=\u00bbsolid\u00bb column_padding_type=\u00bbdefault\u00bb gradient_type=\u00bbdefault\u00bb][tabbed_section style=\u00bbmaterial\u00bb tab_change_animation=\u00bbfade\u00bb alignment=\u00bbcenter\u00bb spacing=\u00bbside-20px\u00bb tab_color=\u00bbAccent-Color\u00bb vs_content_animation=\u00bbfade\u00bb vs_link_animation=\u00bbopacity\u00bb vs_navigation_alignment=\u00bbleft\u00bb vs_navigation_width_2=\u00bb25%\u00bb vs_navigation_func=\u00bbdefault\u00bb vs_navigation_width=\u00bbregular\u00bb vs_navigation_spacing=\u00bb15px\u00bb vs_navigation_mobile_display=\u00bbvisible\u00bb vs_tab_spacing=\u00bb5%\u00bb icon_size=\u00bb24&#8243; el_class=\u00bbtabs-bene-ingre-recyc\u00bb][tab icon_family=\u00bbnone\u00bb title=\u00bbBENEFICIOS\u00bb id=\u00bb1747650914818-1&#8243; tab_id=\u00bb1747650914818-1&#8243;][vc_column_text css=\u00bb\u00bb text_direction=\u00bbdefault\u00bb]\n<ul>\n<li>Mejora la textura y el tono de la piel.<\/li>\n<li>Renueva la piel durante la noche.<\/li>\n<li>Dirigido a las manchas oscuras.<\/li>\n<\/ul>\n[\/vc_column_text][\/tab][tab icon_family=\u00bbnone\u00bb title=\u00bbINGREDIENTES\u00bb id=\u00bb1747650914826-0&#8243; tab_id=\u00bb1747650914827-4&#8243;][vc_column_text css=\u00bb\u00bb text_direction=\u00bbdefault\u00bb]\u00c1cido Tranex\u00e1mico: Inhibe la producci\u00f3n de melanina para unificar el tono de la piel y mejorar la luminosidad general. Encapsulado en un sistema de liberaci\u00f3n especial, los activos alcanzan las capas m\u00e1s profundas de la piel para una m\u00e1xima eficacia.<br \/>\u00c1cido Glic\u00f3lico: Exfolia suavemente y favorece la renovaci\u00f3n celular, impulsando la producci\u00f3n de col\u00e1geno para mejorar el tono de la piel y reducir la aparici\u00f3n de arrugas.<br \/>Azeloglicina\u00ae: Mejora significativamente la luminosidad de la piel e inhibe la producci\u00f3n de melanina para ayudar a difuminar las manchas oscuras. <br \/>Complejo bot\u00e1nico: Derivado de la ra\u00edz de Regaliz y del Fermento de Aspergillus, mejora la luminosidad de la piel y unifica el tono. <br \/>Niacinamida: Aporta claridad, equilibrio y luminosidad a la tez.<br \/>Vitamina E: Antioxidante nutritivo e hidratante.<br \/>Alanto\u00edna: Hidrataci\u00f3n calmante y favorece la regeneraci\u00f3n celular. <br \/>\n[\/vc_column_text][\/tab][\/tabbed_section][\/vc_column][\/vc_row]\n","protected":false},"excerpt":{"rendered":"<p>Un tratamiento renovador de noche para perfeccionar y unificar el tono. El \u00e1cido Glic\u00f3lico exfolia suavemente, mejorando la textura de la piel para mostrar un aspecto m\u00e1s claro y fresco. La Azeloglicina\u00ae y el \u00e1cido Tranex\u00e1mico ayudan a reducir la aparici\u00f3n de manchas oscuras y zonas irregulares, mientras que la Niacinamida y la ra\u00edz de Regaliz aportan luminosidad.  <\/p>\n<hr>\n<p>Bote : 50 ml<\/p>\n<hr>\n","protected":false},"featured_media":4574,"template":"","meta":{"_acf_changed":false},"product_brand":[],"product_cat":[139,113],"product_tag":[],"class_list":{"0":"post-4575","1":"product","2":"type-product","3":"status-publish","4":"has-post-thumbnail","6":"product_cat-cuidado-en-casa","7":"product_cat-luminosity-es","9":"first","10":"instock","11":"shipping-taxable","12":"product-type-simple"},"acf":[],"_links":{"self":[{"href":"https:\/\/test2.lbioline.com\/es\/wp-json\/wp\/v2\/product\/4575","targetHints":{"allow":["GET"]}}],"collection":[{"href":"https:\/\/test2.lbioline.com\/es\/wp-json\/wp\/v2\/product"}],"about":[{"href":"https:\/\/test2.lbioline.com\/es\/wp-json\/wp\/v2\/types\/product"}],"wp:featuredmedia":[{"embeddable":true,"href":"https:\/\/test2.lbioline.com\/es\/wp-json\/wp\/v2\/media\/4574"}],"wp:attachment":[{"href":"https:\/\/test2.lbioline.com\/es\/wp-json\/wp\/v2\/media?parent=4575"}],"wp:term":[{"taxonomy":"product_brand","embeddable":true,"href":"https:\/\/test2.lbioline.com\/es\/wp-json\/wp\/v2\/product_brand?post=4575"},{"taxonomy":"product_cat","embeddable":true,"href":"https:\/\/test2.lbioline.com\/es\/wp-json\/wp\/v2\/product_cat?post=4575"},{"taxonomy":"product_tag","embeddable":true,"href":"https:\/\/test2.lbioline.com\/es\/wp-json\/wp\/v2\/product_tag?post=4575"}],"curies":[{"name":"wp","href":"https:\/\/api.w.org\/{rel}","templated":true}]}}